{"id":26561,"date":"2018-12-12T16:52:52","date_gmt":"2018-12-12T19:52:52","guid":{"rendered":"https:\/\/castor-watches.com\/?post_type=product&#038;p=26561"},"modified":"2025-12-11T01:29:13","modified_gmt":"2025-12-11T04:29:13","slug":"santiago","status":"publish","type":"product","link":"https:\/\/castor-watches.com\/en\/producto\/santiago\/","title":{"rendered":"Santiago"},"content":{"rendered":"\n<div class=\"wp-block-columns are-vertically-aligned-center is-layout-flex wp-container-core-columns-is-layout-28f84493 wp-block-columns-is-layout-flex\">\n<div class=\"wp-block-column is-vertically-aligned-center is-layout-flow wp-block-column-is-layout-flow\">\n<p class=\"title has-text-color\" style=\"color:#deb887\"><strong>VALPARA\u00cdSO Y SANTIAGO<\/strong><\/p>\n\n\n\n<h2 class=\"wp-block-heading\">UN TRIBUTO A NUESTRAS CIUDADES<\/h2>\n\n\n\n<p>Castor Santiago y Valpara\u00edso. La ciudad capital junto a la ciudad patrimonio de la humanidad. Un tributo a nuestra identidad.<\/p>\n\n\n\n<figure class=\"wp-block-image alignfull size-large\"><img data-recalc-dims=\"1\" fetchpriority=\"high\" decoding=\"async\" width=\"1024\" height=\"768\" src=\"https:\/\/i0.wp.com\/castor-watches.com\/wp-content\/uploads\/2022\/10\/Relojes-de-Madera-Castor-Ciudades-ambos.jpg?resize=1024%2C768&#038;ssl=1\" alt=\"\" class=\"wp-image-55789\" srcset=\"https:\/\/i0.wp.com\/castor-watches.com\/wp-content\/uploads\/2022\/10\/Relojes-de-Madera-Castor-Ciudades-ambos.jpg?resize=1024%2C768&amp;ssl=1 1024w, https:\/\/i0.wp.com\/castor-watches.com\/wp-content\/uploads\/2022\/10\/Relojes-de-Madera-Castor-Ciudades-ambos.jpg?resize=300%2C225&amp;ssl=1 300w, https:\/\/i0.wp.com\/castor-watches.com\/wp-content\/uploads\/2022\/10\/Relojes-de-Madera-Castor-Ciudades-ambos.jpg?resize=768%2C576&amp;ssl=1 768w, https:\/\/i0.wp.com\/castor-watches.com\/wp-content\/uploads\/2022\/10\/Relojes-de-Madera-Castor-Ciudades-ambos.jpg?resize=990%2C743&amp;ssl=1 990w, https:\/\/i0.wp.com\/castor-watches.com\/wp-content\/uploads\/2022\/10\/Relojes-de-Madera-Castor-Ciudades-ambos.jpg?resize=441%2C331&amp;ssl=1 441w, https:\/\/i0.wp.com\/castor-watches.com\/wp-content\/uploads\/2022\/10\/Relojes-de-Madera-Castor-Ciudades-ambos.jpg?resize=800%2C600&amp;ssl=1 800w, https:\/\/i0.wp.com\/castor-watches.com\/wp-content\/uploads\/2022\/10\/Relojes-de-Madera-Castor-Ciudades-ambos.jpg?resize=150%2C113&amp;ssl=1 150w, https:\/\/i0.wp.com\/castor-watches.com\/wp-content\/uploads\/2022\/10\/Relojes-de-Madera-Castor-Ciudades-ambos.jpg?w=1400&amp;ssl=1 1400w\" sizes=\"(max-width: 1024px) 100vw, 1024px\" \/><\/figure>\n\n\n\n<div style=\"height:100px\" aria-hidden=\"true\" class=\"wp-block-spacer\"><\/div>\n\n\n\n<p class=\"title has-text-color\" style=\"color:#deb887\"><strong><strong>SANTIAGO<\/strong><\/strong><\/p>\n\n\n\n<h2 class=\"wp-block-heading\">CIUDAD CAPITAL<\/h2>\n\n\n\n<p>El Castor Santiago lleva en su dial el &#8220;Skyline&#8221; de la arquitectura m\u00e1s caracter\u00edstica de la ciudad. Una mezcla de grandes edificios con el casco antiguo y el cerro San Crist\u00f3bal.<\/p>\n\n\n\n<figure class=\"wp-block-image alignfull size-large\"><img data-recalc-dims=\"1\" decoding=\"async\" width=\"1024\" height=\"1024\" src=\"https:\/\/i0.wp.com\/castor-watches.com\/wp-content\/uploads\/2022\/10\/Santiago-ciudad-c.jpg?resize=1024%2C1024&#038;ssl=1\" alt=\"\" class=\"wp-image-55816\" srcset=\"https:\/\/i0.wp.com\/castor-watches.com\/wp-content\/uploads\/2022\/10\/Santiago-ciudad-c.jpg?resize=1024%2C1024&amp;ssl=1 1024w, https:\/\/i0.wp.com\/castor-watches.com\/wp-content\/uploads\/2022\/10\/Santiago-ciudad-c.jpg?resize=300%2C300&amp;ssl=1 300w, https:\/\/i0.wp.com\/castor-watches.com\/wp-content\/uploads\/2022\/10\/Santiago-ciudad-c.jpg?resize=150%2C150&amp;ssl=1 150w, https:\/\/i0.wp.com\/castor-watches.com\/wp-content\/uploads\/2022\/10\/Santiago-ciudad-c.jpg?resize=768%2C768&amp;ssl=1 768w, https:\/\/i0.wp.com\/castor-watches.com\/wp-content\/uploads\/2022\/10\/Santiago-ciudad-c.jpg?resize=990%2C990&amp;ssl=1 990w, https:\/\/i0.wp.com\/castor-watches.com\/wp-content\/uploads\/2022\/10\/Santiago-ciudad-c.jpg?resize=441%2C441&amp;ssl=1 441w, https:\/\/i0.wp.com\/castor-watches.com\/wp-content\/uploads\/2022\/10\/Santiago-ciudad-c.jpg?resize=100%2C100&amp;ssl=1 100w, https:\/\/i0.wp.com\/castor-watches.com\/wp-content\/uploads\/2022\/10\/Santiago-ciudad-c.jpg?resize=800%2C800&amp;ssl=1 800w, https:\/\/i0.wp.com\/castor-watches.com\/wp-content\/uploads\/2022\/10\/Santiago-ciudad-c.jpg?w=1400&amp;ssl=1 1400w\" sizes=\"(max-width: 1024px) 100vw, 1024px\" \/><\/figure>\n\n\n\n<div style=\"height:100px\" aria-hidden=\"true\" class=\"wp-block-spacer\"><\/div>\n\n\n\n<p class=\"title has-text-color\" style=\"color:#deb887\"><strong><strong>INNOVADOR<\/strong><\/strong><\/p>\n\n\n\n<h2 class=\"wp-block-heading\">LA CIUDAD EN TU RELOJ<\/h2>\n\n\n\n<p>Su combinaci\u00f3n de materiales lo hace un reloj bastante innovador y su correa de cuero color caf\u00e9 camel lo hace muy combinable con cualquier vestir. <\/p>\n\n\n\n<figure class=\"wp-block-image alignfull size-large\"><img data-recalc-dims=\"1\" decoding=\"async\" width=\"1024\" height=\"1024\" src=\"https:\/\/i0.wp.com\/castor-watches.com\/wp-content\/uploads\/2022\/10\/Castor-Santiago-Edit-1024x1024.jpg?resize=1024%2C1024&#038;ssl=1\" alt=\"\" class=\"wp-image-55819\" srcset=\"https:\/\/i0.wp.com\/castor-watches.com\/wp-content\/uploads\/2022\/10\/Castor-Santiago-Edit-scaled.jpg?resize=1024%2C1024&amp;ssl=1 1024w, https:\/\/i0.wp.com\/castor-watches.com\/wp-content\/uploads\/2022\/10\/Castor-Santiago-Edit-scaled.jpg?resize=300%2C300&amp;ssl=1 300w, https:\/\/i0.wp.com\/castor-watches.com\/wp-content\/uploads\/2022\/10\/Castor-Santiago-Edit-scaled.jpg?resize=150%2C150&amp;ssl=1 150w, https:\/\/i0.wp.com\/castor-watches.com\/wp-content\/uploads\/2022\/10\/Castor-Santiago-Edit-scaled.jpg?resize=768%2C768&amp;ssl=1 768w, https:\/\/i0.wp.com\/castor-watches.com\/wp-content\/uploads\/2022\/10\/Castor-Santiago-Edit-scaled.jpg?resize=1536%2C1536&amp;ssl=1 1536w, https:\/\/i0.wp.com\/castor-watches.com\/wp-content\/uploads\/2022\/10\/Castor-Santiago-Edit-scaled.jpg?resize=2048%2C2048&amp;ssl=1 2048w, https:\/\/i0.wp.com\/castor-watches.com\/wp-content\/uploads\/2022\/10\/Castor-Santiago-Edit-scaled.jpg?resize=990%2C990&amp;ssl=1 990w, https:\/\/i0.wp.com\/castor-watches.com\/wp-content\/uploads\/2022\/10\/Castor-Santiago-Edit-scaled.jpg?resize=441%2C441&amp;ssl=1 441w, https:\/\/i0.wp.com\/castor-watches.com\/wp-content\/uploads\/2022\/10\/Castor-Santiago-Edit-scaled.jpg?resize=100%2C100&amp;ssl=1 100w, https:\/\/i0.wp.com\/castor-watches.com\/wp-content\/uploads\/2022\/10\/Castor-Santiago-Edit-scaled.jpg?resize=800%2C800&amp;ssl=1 800w, https:\/\/i0.wp.com\/castor-watches.com\/wp-content\/uploads\/2022\/10\/Castor-Santiago-Edit-scaled.jpg?w=2340&amp;ssl=1 2340w\" sizes=\"(max-width: 1024px) 100vw, 1024px\" \/><figcaption>OLYMPUS DIGITAL CAMERA<\/figcaption><\/figure>\n\n\n\n<div style=\"height:100px\" aria-hidden=\"true\" class=\"wp-block-spacer\"><\/div>\n\n\n\n<script src=\"https:\/\/apps.elfsight.com\/p\/platform.js\" defer=\"\"><\/script>\n<div class=\"elfsight-app-9117f26d-b85a-4783-a98d-1668d6a002d8\"><\/div>\n\n\n\n<div style=\"height:100px\" aria-hidden=\"true\" class=\"wp-block-spacer\"><\/div>\n\n\n\n<h2 class=\"wp-block-heading\">Video 360\u00b0<\/h2>\n\n\n\n<figure class=\"wp-block-embed is-type-video is-provider-youtube wp-block-embed-youtube wp-embed-aspect-16-9 wp-has-aspect-ratio\"><div class=\"wp-block-embed__wrapper\">\n<div class=\"video-container\"><iframe title=\"Vista 360\u00b0 Castor Santiago\" width=\"1170\" height=\"658\" src=\"https:\/\/www.youtube.com\/embed\/YtiwrOPQrNA?feature=oembed&#038;enablejsapi=1&#038;origin=https:\/\/castor-watches.com\" frameborder=\"0\" allow=\"accelerometer; autoplay; clipboard-write; encrypted-media; gyroscope; picture-in-picture\" allowfullscreen><\/iframe><\/div>\n<\/div><\/figure>\n<\/div>\n<\/div>\n","protected":false},"excerpt":{"rendered":"<h4>Cl\u00e1sico e innovador, colores cotrastantes y materiales de calidad.<\/h4>\n<h6><span style=\"color: #999999;\">Caja Met\u00e1lica <\/span><span style=\"color: #999999;\"><span style=\"color: #60b358;\"><i class=\"fa\">\uf00c\u00a0 <\/i><\/span><\/span><span style=\"color: #999999;\">Madera de Bamboo <\/span><span style=\"color: #999999;\"><span style=\"color: #60b358;\"><i class=\"fa\">\uf00c\u00a0 <\/i><\/span><\/span><span style=\"color: #999999;\">Resistente al Agua 30Mts <\/span><span style=\"color: #999999;\"><span style=\"color: #60b358;\"><i class=\"fa\">\uf00c\u00a0 <\/i><\/span><\/span><span style=\"color: #999999;\">Mecanismo Japon\u00e9s Miyota Citizen <\/span><span style=\"color: #999999;\"><span style=\"color: #60b358;\"><i class=\"fa\">\uf00c\u00a0 <\/i><\/span><\/span><span style=\"color: #999999;\">Correa de Cuero <\/span><span style=\"color: #999999;\"><span style=\"color: #60b358;\"><i class=\"fa\">\uf00c\u00a0<\/i><\/span><\/span><\/h6>\n<p>&nbsp;<\/p>\n[cg_accordion title=\"Descripci\u00f3n\"]<\/p>\n<p><!-- wp:paragraph --><\/p>\n<p><!-- \/wp:paragraph --><\/p>\n<p><!-- wp:paragraph --><\/p>\n<p>Haciendo honor a nuestras ciudades, el Castor Santiago combina el metal y la madera tanto en el dial como en la caja de 40MM. En su dise\u00f1o est\u00e1 reflejada la esencia del Santiago de hoy. Ciudad, y monta\u00f1as se combinan con lucidez e innovaci\u00f3n en un reloj \u00fanico y exclusivo de dise\u00f1o propio. Motor Miyota Citizen. Correa de cuero espa\u00f1ola de piel de vacuno de tono camel opaco, con forro antialerg\u00e9nico.<\/p>\n<p>[\/cg_accordion]\n[cg_accordion title=\"Especificaciones\"]\n<ul>\n<li><strong>Mecanismo:<\/strong> Cuarzo, Miyota Citizen 2035, Jap\u00f3n<\/li>\n<li><strong>Resistente al agua:<\/strong> 30 metros<\/li>\n<li><strong>Cristal:<\/strong> Mineral<\/li>\n<li><strong>Material de la caja:<\/strong> Metal de aleaci\u00f3n con madera incrustada<\/li>\n<li><strong>Di\u00e1metro de la caja:<\/strong> 40mm<\/li>\n<li><strong>Altura de la caja:<\/strong> 9mm<\/li>\n<li><strong>Acabado de la caja:<\/strong> Pulido<\/li>\n<li><strong>Dial:<\/strong> Madera de bamboo con aplicaciones de serigraf\u00eda y metal<\/li>\n<li><strong>Medida de las Correa:<\/strong> Ancho 20mm. Largo con reloj 24cm.<\/li>\n<li><strong>Material de las Correas: <\/strong>Cuero natural marr\u00f3n con bordado y forro antialerg\u00e9nico[\/cg_accordion]<\/li>\n<\/ul>\n[cg_accordion title=\"Env\u00edo y Garant\u00eda\"]<\/p>\n<p>Env\u00edo gratuito en la mayor\u00eda de las regiones. Entrega en mismo d\u00eda comprando hasta las 11:00 AM en las comunas del Gran Santiago. 24hrs. en Regiones. Garant\u00eda de un a\u00f1o en el mecanismo. Obt\u00e9n tu reembolso con devoluciones en l\u00ednea! Env\u00eda tus art\u00edculos de vuelta dentro de los primeros 10 d\u00edas.[\/cg_accordion]\n[cg_accordion title=\"Gu\u00eda de Tama\u00f1os\"]<\/p>\n<p><a class=\"elementor-popup-link\" data-id=\"63313\">Haz clic aqu\u00ed para abrir la gu\u00eda de tama\u00f1os<\/a> [\/cg_accordion]\n","protected":false},"featured_media":26588,"comment_status":"open","ping_status":"closed","template":"","meta":[],"product_brand":[],"product_cat":[1393,1333],"product_tag":[1112,1334,1335,855],"class_list":{"0":"post-26561","1":"product","2":"type-product","3":"status-publish","4":"has-post-thumbnail","6":"product_cat-wood-and-metal-watches","7":"product_cat-mens-watches","8":"product_tag-coleccion-ciudades","9":"product_tag-mens-watches","10":"product_tag-wood-and-metal-clocks","11":"product_tag-santiago","13":"first","14":"outofstock","15":"shipping-taxable","16":"purchasable","17":"product-type-simple"},"jetpack_sharing_enabled":true,"_links":{"self":[{"href":"https:\/\/castor-watches.com\/en\/wp-json\/wp\/v2\/product\/26561","targetHints":{"allow":["GET"]}}],"collection":[{"href":"https:\/\/castor-watches.com\/en\/wp-json\/wp\/v2\/product"}],"about":[{"href":"https:\/\/castor-watches.com\/en\/wp-json\/wp\/v2\/types\/product"}],"replies":[{"embeddable":true,"href":"https:\/\/castor-watches.com\/en\/wp-json\/wp\/v2\/comments?post=26561"}],"wp:featuredmedia":[{"embeddable":true,"href":"https:\/\/castor-watches.com\/en\/wp-json\/wp\/v2\/media\/26588"}],"wp:attachment":[{"href":"https:\/\/castor-watches.com\/en\/wp-json\/wp\/v2\/media?parent=26561"}],"wp:term":[{"taxonomy":"product_brand","embeddable":true,"href":"https:\/\/castor-watches.com\/en\/wp-json\/wp\/v2\/product_brand?post=26561"},{"taxonomy":"product_cat","embeddable":true,"href":"https:\/\/castor-watches.com\/en\/wp-json\/wp\/v2\/product_cat?post=26561"},{"taxonomy":"product_tag","embeddable":true,"href":"https:\/\/castor-watches.com\/en\/wp-json\/wp\/v2\/product_tag?post=26561"}],"curies":[{"name":"wp","href":"https:\/\/api.w.org\/{rel}","templated":true}]}}