{"id":26562,"date":"2018-12-12T16:57:05","date_gmt":"2018-12-12T19:57:05","guid":{"rendered":"https:\/\/castor-watches.com\/?post_type=product&#038;p=26562"},"modified":"2025-06-26T19:24:07","modified_gmt":"2025-06-26T23:24:07","slug":"valparaiso","status":"publish","type":"product","link":"https:\/\/castor-watches.com\/en\/producto\/valparaiso\/","title":{"rendered":"VALPARA\u00cdSO | 40MM BAMBOO Y NOGAL"},"content":{"rendered":"\n<div class=\"wp-block-columns are-vertically-aligned-center is-layout-flex wp-container-core-columns-is-layout-28f84493 wp-block-columns-is-layout-flex\">\n<div class=\"wp-block-column is-vertically-aligned-center is-layout-flow wp-block-column-is-layout-flow\">\n<p class=\"title has-text-color\" style=\"color:#deb887\"><strong>VALPARA\u00cdSO Y SANTIAGO<\/strong><\/p>\n\n\n\n<h2 class=\"wp-block-heading\">UN TRIBUTO A NUESTRAS CIUDADES<\/h2>\n\n\n\n<p>Castor Santiago y Valpara\u00edso. La ciudad capital junto a la ciudad patrimonio de la humanidad. Un tributo a nuestra identidad.<\/p>\n\n\n\n<figure class=\"wp-block-image alignfull size-large\"><img data-recalc-dims=\"1\" fetchpriority=\"high\" decoding=\"async\" width=\"1024\" height=\"768\" src=\"https:\/\/i0.wp.com\/castor-watches.com\/wp-content\/uploads\/2022\/10\/Relojes-de-Madera-Castor-Ciudades-ambos.jpg?resize=1024%2C768&#038;ssl=1\" alt=\"\" class=\"wp-image-55789\" srcset=\"https:\/\/i0.wp.com\/castor-watches.com\/wp-content\/uploads\/2022\/10\/Relojes-de-Madera-Castor-Ciudades-ambos.jpg?resize=1024%2C768&amp;ssl=1 1024w, https:\/\/i0.wp.com\/castor-watches.com\/wp-content\/uploads\/2022\/10\/Relojes-de-Madera-Castor-Ciudades-ambos.jpg?resize=300%2C225&amp;ssl=1 300w, https:\/\/i0.wp.com\/castor-watches.com\/wp-content\/uploads\/2022\/10\/Relojes-de-Madera-Castor-Ciudades-ambos.jpg?resize=768%2C576&amp;ssl=1 768w, https:\/\/i0.wp.com\/castor-watches.com\/wp-content\/uploads\/2022\/10\/Relojes-de-Madera-Castor-Ciudades-ambos.jpg?resize=990%2C743&amp;ssl=1 990w, https:\/\/i0.wp.com\/castor-watches.com\/wp-content\/uploads\/2022\/10\/Relojes-de-Madera-Castor-Ciudades-ambos.jpg?resize=441%2C331&amp;ssl=1 441w, https:\/\/i0.wp.com\/castor-watches.com\/wp-content\/uploads\/2022\/10\/Relojes-de-Madera-Castor-Ciudades-ambos.jpg?resize=800%2C600&amp;ssl=1 800w, https:\/\/i0.wp.com\/castor-watches.com\/wp-content\/uploads\/2022\/10\/Relojes-de-Madera-Castor-Ciudades-ambos.jpg?resize=150%2C113&amp;ssl=1 150w, https:\/\/i0.wp.com\/castor-watches.com\/wp-content\/uploads\/2022\/10\/Relojes-de-Madera-Castor-Ciudades-ambos.jpg?w=1400&amp;ssl=1 1400w\" sizes=\"(max-width: 1024px) 100vw, 1024px\" \/><\/figure>\n\n\n\n<div style=\"height:100px\" aria-hidden=\"true\" class=\"wp-block-spacer\"><\/div>\n\n\n\n<p class=\"title has-text-color\" style=\"color:#deb887\"><strong><strong>VALPARA\u00cdSO<\/strong><\/strong><\/p>\n\n\n\n<h2 class=\"wp-block-heading\">CIUDAD PATRIMONIO<\/h2>\n\n\n\n<p>Valpara\u00edso vive en nuestro imaginario y tambi\u00e9n en uno de nuestros relojes. Arte y mec\u00e1nica, juntos en un dise\u00f1o. <\/p>\n\n\n\n<figure class=\"wp-block-image alignfull size-large\"><img data-recalc-dims=\"1\" decoding=\"async\" width=\"819\" height=\"1024\" src=\"https:\/\/i0.wp.com\/castor-watches.com\/wp-content\/uploads\/2022\/10\/Castor-Valparaiso-2.jpg?resize=819%2C1024&#038;ssl=1\" alt=\"\" class=\"wp-image-55782\" srcset=\"https:\/\/i0.wp.com\/castor-watches.com\/wp-content\/uploads\/2022\/10\/Castor-Valparaiso-2.jpg?resize=819%2C1024&amp;ssl=1 819w, https:\/\/i0.wp.com\/castor-watches.com\/wp-content\/uploads\/2022\/10\/Castor-Valparaiso-2.jpg?resize=240%2C300&amp;ssl=1 240w, https:\/\/i0.wp.com\/castor-watches.com\/wp-content\/uploads\/2022\/10\/Castor-Valparaiso-2.jpg?resize=768%2C960&amp;ssl=1 768w, https:\/\/i0.wp.com\/castor-watches.com\/wp-content\/uploads\/2022\/10\/Castor-Valparaiso-2.jpg?resize=990%2C1238&amp;ssl=1 990w, https:\/\/i0.wp.com\/castor-watches.com\/wp-content\/uploads\/2022\/10\/Castor-Valparaiso-2.jpg?resize=441%2C551&amp;ssl=1 441w, https:\/\/i0.wp.com\/castor-watches.com\/wp-content\/uploads\/2022\/10\/Castor-Valparaiso-2.jpg?resize=300%2C375&amp;ssl=1 300w, https:\/\/i0.wp.com\/castor-watches.com\/wp-content\/uploads\/2022\/10\/Castor-Valparaiso-2.jpg?resize=800%2C1000&amp;ssl=1 800w, https:\/\/i0.wp.com\/castor-watches.com\/wp-content\/uploads\/2022\/10\/Castor-Valparaiso-2.jpg?resize=150%2C188&amp;ssl=1 150w, https:\/\/i0.wp.com\/castor-watches.com\/wp-content\/uploads\/2022\/10\/Castor-Valparaiso-2.jpg?w=1120&amp;ssl=1 1120w\" sizes=\"(max-width: 819px) 100vw, 819px\" \/><\/figure>\n\n\n\n<div style=\"height:100px\" aria-hidden=\"true\" class=\"wp-block-spacer\"><\/div>\n\n\n\n<p class=\"title has-text-color\" style=\"color:#deb887\"><strong><strong>DETALLES<\/strong><\/strong><\/p>\n\n\n\n<h2 class=\"wp-block-heading\">LA CIUDAD EN TU RELOJ<\/h2>\n\n\n\n<p>El Castor Valpara\u00edso lleva en su dial el &#8220;Skyline&#8221; de la arquitectura m\u00e1s caracter\u00edstica de la ciudad. Evoca a su vez la pendiente de los cerros en su diagonal.<\/p>\n\n\n\n<figure class=\"wp-block-image alignfull size-large\"><img data-recalc-dims=\"1\" decoding=\"async\" width=\"1024\" height=\"1024\" src=\"https:\/\/i0.wp.com\/castor-watches.com\/wp-content\/uploads\/2022\/10\/Castor-Valparaiso-3.jpg?resize=1024%2C1024&#038;ssl=1\" alt=\"\" class=\"wp-image-55785\" srcset=\"https:\/\/i0.wp.com\/castor-watches.com\/wp-content\/uploads\/2022\/10\/Castor-Valparaiso-3.jpg?resize=1024%2C1024&amp;ssl=1 1024w, https:\/\/i0.wp.com\/castor-watches.com\/wp-content\/uploads\/2022\/10\/Castor-Valparaiso-3.jpg?resize=300%2C300&amp;ssl=1 300w, https:\/\/i0.wp.com\/castor-watches.com\/wp-content\/uploads\/2022\/10\/Castor-Valparaiso-3.jpg?resize=150%2C150&amp;ssl=1 150w, https:\/\/i0.wp.com\/castor-watches.com\/wp-content\/uploads\/2022\/10\/Castor-Valparaiso-3.jpg?resize=768%2C768&amp;ssl=1 768w, https:\/\/i0.wp.com\/castor-watches.com\/wp-content\/uploads\/2022\/10\/Castor-Valparaiso-3.jpg?resize=990%2C990&amp;ssl=1 990w, https:\/\/i0.wp.com\/castor-watches.com\/wp-content\/uploads\/2022\/10\/Castor-Valparaiso-3.jpg?resize=441%2C441&amp;ssl=1 441w, https:\/\/i0.wp.com\/castor-watches.com\/wp-content\/uploads\/2022\/10\/Castor-Valparaiso-3.jpg?resize=100%2C100&amp;ssl=1 100w, https:\/\/i0.wp.com\/castor-watches.com\/wp-content\/uploads\/2022\/10\/Castor-Valparaiso-3.jpg?resize=800%2C800&amp;ssl=1 800w, https:\/\/i0.wp.com\/castor-watches.com\/wp-content\/uploads\/2022\/10\/Castor-Valparaiso-3.jpg?w=1400&amp;ssl=1 1400w\" sizes=\"(max-width: 1024px) 100vw, 1024px\" \/><\/figure>\n\n\n\n<div style=\"height:100px\" aria-hidden=\"true\" class=\"wp-block-spacer\"><\/div>\n\n\n\n<h2 class=\"wp-block-heading\">Video 360\u00b0<\/h2>\n\n\n\n<figure class=\"wp-block-embed is-type-video is-provider-youtube wp-block-embed-youtube wp-embed-aspect-16-9 wp-has-aspect-ratio\"><div class=\"wp-block-embed__wrapper\">\n<div class=\"video-container\"><iframe title=\"Vista 360\u00b0 Castor Valpara\u00edso\" width=\"1170\" height=\"658\" src=\"https:\/\/www.youtube.com\/embed\/UMupRWAUEpA?feature=oembed&#038;enablejsapi=1&#038;origin=https:\/\/castor-watches.com\" frameborder=\"0\" allow=\"accelerometer; autoplay; clipboard-write; encrypted-media; gyroscope; picture-in-picture; web-share\" referrerpolicy=\"strict-origin-when-cross-origin\" allowfullscreen><\/iframe><\/div>\n<\/div><\/figure>\n<\/div>\n<\/div>\n","protected":false},"excerpt":{"rendered":"<p>Haciendo honor a nuestras ciudades, el Castor Valpara\u00edso combina el metal y la madera tanto en el dial como en la caja de 40MM. En su dise\u00f1o est\u00e1 reflejada la esencia de nuestra ciudad patrimonio de la humanidad, Valpara\u00edso. La pendiente t\u00edpica de sus cerros, con sus construcciones caracter\u00edsticas y ascensores poblan su dial. En su dise\u00f1o se presentan las orientaciones cardinales y agujas al estilo de los antiguos instrumentos de navegaci\u00f3n. Un reloj \u00fanico y exclusivo de dise\u00f1o propio. Motor Miyota Citizen. Correa de cuero espa\u00f1ola de piel de vacuno de tono caf\u00e9 oscuro opaco, con forro antialerg\u00e9nico.<\/p>\n<h4>Especificaciones:<\/h4>\n<ul>\n<li>CAJA:\u00a0Met\u00e1lica con madera incrustada de nogal<\/li>\n<li>MOTOR:\u00a0Miyota Citizen, Jap\u00f3n<\/li>\n<li>DIAL:\u00a0Met\u00e1lico y madera de bamboo<\/li>\n<li>MEDIDAS: Di\u00e1metro 40MM<\/li>\n<li>RESISTENTE AL AGUA: 3\u00a0ATM &#8211; Ba\u00f1o de corta duraci\u00f3n, zambullida desde la orilla. Ning\u00fan tipo de inmersi\u00f3n.<\/li>\n<li>CRISTAL: Cristal Mineral<\/li>\n<li>CORREA: Correa de cuero espa\u00f1ola, color caf\u00e9 oscuro opaco y forro Nobuck Antialerg\u00e9nico.<\/li>\n<\/ul>\n<p>&nbsp;<\/p>\n<h4>Despacho:<\/h4>\n<ul>\n<li>CHILE\u00a0&#8211;\u00a0GRATIS<\/li>\n<\/ul>\n","protected":false},"featured_media":26594,"comment_status":"open","ping_status":"closed","template":"","meta":[],"product_brand":[],"product_cat":[1393,1333],"product_tag":[1112,1321,1334,1335,862],"class_list":{"0":"post-26562","1":"product","2":"type-product","3":"status-publish","4":"has-post-thumbnail","6":"product_cat-wood-and-metal-watches","7":"product_cat-mens-watches","8":"product_tag-coleccion-ciudades","9":"product_tag-watch","10":"product_tag-mens-watches","11":"product_tag-wood-and-metal-clocks","12":"product_tag-valparaiso","14":"first","15":"outofstock","16":"shipping-taxable","17":"purchasable","18":"product-type-simple"},"jetpack_sharing_enabled":true,"_links":{"self":[{"href":"https:\/\/castor-watches.com\/en\/wp-json\/wp\/v2\/product\/26562","targetHints":{"allow":["GET"]}}],"collection":[{"href":"https:\/\/castor-watches.com\/en\/wp-json\/wp\/v2\/product"}],"about":[{"href":"https:\/\/castor-watches.com\/en\/wp-json\/wp\/v2\/types\/product"}],"replies":[{"embeddable":true,"href":"https:\/\/castor-watches.com\/en\/wp-json\/wp\/v2\/comments?post=26562"}],"wp:featuredmedia":[{"embeddable":true,"href":"https:\/\/castor-watches.com\/en\/wp-json\/wp\/v2\/media\/26594"}],"wp:attachment":[{"href":"https:\/\/castor-watches.com\/en\/wp-json\/wp\/v2\/media?parent=26562"}],"wp:term":[{"taxonomy":"product_brand","embeddable":true,"href":"https:\/\/castor-watches.com\/en\/wp-json\/wp\/v2\/product_brand?post=26562"},{"taxonomy":"product_cat","embeddable":true,"href":"https:\/\/castor-watches.com\/en\/wp-json\/wp\/v2\/product_cat?post=26562"},{"taxonomy":"product_tag","embeddable":true,"href":"https:\/\/castor-watches.com\/en\/wp-json\/wp\/v2\/product_tag?post=26562"}],"curies":[{"name":"wp","href":"https:\/\/api.w.org\/{rel}","templated":true}]}}