{"id":27021,"date":"2019-01-22T16:37:05","date_gmt":"2019-01-22T19:37:05","guid":{"rendered":"https:\/\/castor-watches.com\/?post_type=product&#038;p=27021"},"modified":"2024-09-05T14:01:34","modified_gmt":"2024-09-05T18:01:34","slug":"correa-castor-newen","status":"publish","type":"product","link":"https:\/\/castor-watches.com\/en\/producto\/correa-castor-newen\/","title":{"rendered":"CORREA CASTOR \u00c9TNICO"},"content":{"rendered":"","protected":false},"excerpt":{"rendered":"<p>Correa de cuero caf\u00e9 oscuro para reloj Castor \u00c9tnico de 45MM y 40MM. Compatible con modelos Newen, Diaguita y Hain.<\/p>\n","protected":false},"featured_media":27022,"comment_status":"open","ping_status":"closed","template":"","meta":[],"product_brand":[],"product_cat":[1329,1331],"product_tag":[1327,1332,1330,889],"class_list":{"0":"post-27021","1":"product","2":"type-product","3":"status-publish","4":"has-post-thumbnail","6":"product_cat-watch-straps","7":"product_cat-leather-straps","8":"product_tag-belts","9":"product_tag-leather-straps","10":"product_tag-watch-bands","11":"product_tag-newen","13":"first","14":"outofstock","15":"shipping-taxable","16":"purchasable","17":"product-type-variable","18":"has-default-attributes"},"jetpack_sharing_enabled":true,"_links":{"self":[{"href":"https:\/\/castor-watches.com\/en\/wp-json\/wp\/v2\/product\/27021","targetHints":{"allow":["GET"]}}],"collection":[{"href":"https:\/\/castor-watches.com\/en\/wp-json\/wp\/v2\/product"}],"about":[{"href":"https:\/\/castor-watches.com\/en\/wp-json\/wp\/v2\/types\/product"}],"replies":[{"embeddable":true,"href":"https:\/\/castor-watches.com\/en\/wp-json\/wp\/v2\/comments?post=27021"}],"wp:featuredmedia":[{"embeddable":true,"href":"https:\/\/castor-watches.com\/en\/wp-json\/wp\/v2\/media\/27022"}],"wp:attachment":[{"href":"https:\/\/castor-watches.com\/en\/wp-json\/wp\/v2\/media?parent=27021"}],"wp:term":[{"taxonomy":"product_brand","embeddable":true,"href":"https:\/\/castor-watches.com\/en\/wp-json\/wp\/v2\/product_brand?post=27021"},{"taxonomy":"product_cat","embeddable":true,"href":"https:\/\/castor-watches.com\/en\/wp-json\/wp\/v2\/product_cat?post=27021"},{"taxonomy":"product_tag","embeddable":true,"href":"https:\/\/castor-watches.com\/en\/wp-json\/wp\/v2\/product_tag?post=27021"}],"curies":[{"name":"wp","href":"https:\/\/api.w.org\/{rel}","templated":true}]}}