{"id":27299,"date":"2019-02-21T14:55:45","date_gmt":"2019-02-21T17:55:45","guid":{"rendered":"https:\/\/castor-watches.com\/?post_type=product&#038;p=27299"},"modified":"2024-08-20T16:30:29","modified_gmt":"2024-08-20T19:30:29","slug":"mistral","status":"publish","type":"product","link":"https:\/\/castor-watches.com\/en\/producto\/mistral\/","title":{"rendered":"MISTRAL | 40MM ROBLE"},"content":{"rendered":"","protected":false},"excerpt":{"rendered":"<p>Castor Mistral, enchapado en roble, evoca los colores de la marca y los grados del pisco en los marcadores de minutos. Caja combinada de metal dorado y madera de 40MM, dial de madera. Motor Miyota Citizen. Correa de cuero espa\u00f1ola de piel de vacuno con forro antialerg\u00e9nico.<\/p>\n<h4>ESPECIFICACIONES:<\/h4>\n<ul>\n<li>COLORES: Dorado<\/li>\n<li>CAJA: Met\u00e1lica con madera incrustada<\/li>\n<li>MOTOR: Miyota Citizen, Jap\u00f3n<\/li>\n<li>DIAL: Madera<\/li>\n<li>MEDIDAS: Di\u00e1metro 40MM<\/li>\n<li>RESISTENTE AL AGUA: 3 ATM \u2013 Ba\u00f1o de corta duraci\u00f3n, zambullida desde la orilla. Ning\u00fan tipo de inmersi\u00f3n.<\/li>\n<li>CRISTAL: Cristal Mineral<\/li>\n<li>CORREA: Correa de cuero espa\u00f1ola, color caf\u00e9 oscuro y forro Nobuck Antialerg\u00e9nico.<\/li>\n<\/ul>\n<p>&nbsp;<\/p>\n<h4>DESPACHO:<\/h4>\n<ul>\n<li>CHILE \u2013 GRATIS<\/li>\n<li>RESTO DEL MUNDO \u2013 GRATIS<\/li>\n<\/ul>\n","protected":false},"featured_media":27300,"comment_status":"open","ping_status":"closed","template":"","meta":[],"product_brand":[],"product_cat":[1385,213,214],"product_tag":[958,174,959,176],"class_list":{"0":"post-27299","1":"product","2":"type-product","3":"status-publish","4":"has-post-thumbnail","6":"product_cat-relojes-madera-y-metal","7":"product_cat-relojes-de-hombre","8":"product_cat-relojes-de-mujer","9":"product_tag-mistral","10":"product_tag-reloj","11":"product_tag-reloj-corporativo","12":"product_tag-reloj-de-madera","14":"first","15":"outofstock","16":"shipping-taxable","17":"purchasable","18":"product-type-simple"},"jetpack_sharing_enabled":true,"_links":{"self":[{"href":"https:\/\/castor-watches.com\/en\/wp-json\/wp\/v2\/product\/27299","targetHints":{"allow":["GET"]}}],"collection":[{"href":"https:\/\/castor-watches.com\/en\/wp-json\/wp\/v2\/product"}],"about":[{"href":"https:\/\/castor-watches.com\/en\/wp-json\/wp\/v2\/types\/product"}],"replies":[{"embeddable":true,"href":"https:\/\/castor-watches.com\/en\/wp-json\/wp\/v2\/comments?post=27299"}],"wp:featuredmedia":[{"embeddable":true,"href":"https:\/\/castor-watches.com\/en\/wp-json\/wp\/v2\/media\/27300"}],"wp:attachment":[{"href":"https:\/\/castor-watches.com\/en\/wp-json\/wp\/v2\/media?parent=27299"}],"wp:term":[{"taxonomy":"product_brand","embeddable":true,"href":"https:\/\/castor-watches.com\/en\/wp-json\/wp\/v2\/product_brand?post=27299"},{"taxonomy":"product_cat","embeddable":true,"href":"https:\/\/castor-watches.com\/en\/wp-json\/wp\/v2\/product_cat?post=27299"},{"taxonomy":"product_tag","embeddable":true,"href":"https:\/\/castor-watches.com\/en\/wp-json\/wp\/v2\/product_tag?post=27299"}],"curies":[{"name":"wp","href":"https:\/\/api.w.org\/{rel}","templated":true}]}}