{"id":53180,"date":"2024-03-06T00:09:28","date_gmt":"2022-08-31T13:28:54","guid":{"rendered":"https:\/\/castor-watches.com\/producto\/caleuche\/"},"modified":"2024-01-30T06:25:00","modified_gmt":"2024-01-30T09:25:00","slug":"caleuche","status":"publish","type":"product","link":"https:\/\/castor-watches.com\/en\/producto\/caleuche\/","title":{"rendered":"Caleuche"},"content":{"rendered":"\n<div class=\"wp-block-columns are-vertically-aligned-center is-layout-flex wp-container-core-columns-is-layout-28f84493 wp-block-columns-is-layout-flex\">\n<div class=\"wp-block-column is-vertically-aligned-center is-layout-flow wp-block-column-is-layout-flow\">\n<p class=\"title has-text-color\" style=\"color:#deb887\"><strong>BRONCE, ACERO INOXIDABLE Y MADERA<\/strong><\/p>\n\n\n\n<h2 class=\"wp-block-heading\">MINIMALISM AND INNOVATION<\/h2>\n\n\n\n<p>Un dise\u00f1o alegre que evoca a nuestra Isla de Pascua o Rapa Nui. Seguimos exponiendo la identidad nacional como protagonista principal de nuestras creaciones, de manera elegante y moderna. En su dial de nogal, est\u00e1 decorado con t\u00e9cnicas serigr\u00e1ficas que muestran la flor de hibiscus y los moai, ambos caracter\u00edsticos de la isla.  Es a su vez un reloj de mujer de alta calidad, hecho para la durabilidad. Disponible en tres colores, nuestra \u00faltima creaci\u00f3n mejora adem\u00e1s en su calidad de materiales.<\/p>\n\n\n\n<figure class=\"wp-block-image alignfull size-full\"><img data-recalc-dims=\"1\" fetchpriority=\"high\" decoding=\"async\" width=\"1024\" height=\"1024\" src=\"https:\/\/i0.wp.com\/castor-watches.com\/wp-content\/uploads\/2022\/09\/Castor-Caleuche-desc1c.jpg?resize=1024%2C1024&#038;ssl=1\" alt=\"\" class=\"wp-image-54352\" srcset=\"https:\/\/i0.wp.com\/castor-watches.com\/wp-content\/uploads\/2022\/09\/Castor-Caleuche-desc1c.jpg?w=1024&amp;ssl=1 1024w, https:\/\/i0.wp.com\/castor-watches.com\/wp-content\/uploads\/2022\/09\/Castor-Caleuche-desc1c.jpg?resize=300%2C300&amp;ssl=1 300w, https:\/\/i0.wp.com\/castor-watches.com\/wp-content\/uploads\/2022\/09\/Castor-Caleuche-desc1c.jpg?resize=150%2C150&amp;ssl=1 150w, https:\/\/i0.wp.com\/castor-watches.com\/wp-content\/uploads\/2022\/09\/Castor-Caleuche-desc1c.jpg?resize=768%2C768&amp;ssl=1 768w, https:\/\/i0.wp.com\/castor-watches.com\/wp-content\/uploads\/2022\/09\/Castor-Caleuche-desc1c.jpg?resize=990%2C990&amp;ssl=1 990w, https:\/\/i0.wp.com\/castor-watches.com\/wp-content\/uploads\/2022\/09\/Castor-Caleuche-desc1c.jpg?resize=441%2C441&amp;ssl=1 441w, https:\/\/i0.wp.com\/castor-watches.com\/wp-content\/uploads\/2022\/09\/Castor-Caleuche-desc1c.jpg?resize=100%2C100&amp;ssl=1 100w, https:\/\/i0.wp.com\/castor-watches.com\/wp-content\/uploads\/2022\/09\/Castor-Caleuche-desc1c.jpg?resize=800%2C800&amp;ssl=1 800w\" sizes=\"(max-width: 1024px) 100vw, 1024px\" \/><\/figure>\n\n\n\n<div style=\"height:100px\" aria-hidden=\"true\" class=\"wp-block-spacer\"><\/div>\n\n\n\n<p class=\"title has-text-color\" style=\"color:#deb887\"><strong>HANDMADE<\/strong><\/p>\n\n\n\n<h2 class=\"wp-block-heading\">HANDCRAFTED STRAP<\/h2>\n\n\n\n<p>The strap was handcrafted by us, using quality leather straight from the tannery. In total each strap has 4 hours of manual work. <\/p>\n\n\n\n<figure class=\"wp-block-image alignfull size-full\"><img data-recalc-dims=\"1\" decoding=\"async\" width=\"1024\" height=\"1024\" src=\"https:\/\/i0.wp.com\/castor-watches.com\/wp-content\/uploads\/2022\/09\/Castor-Caleuche-desc2b.jpg?resize=1024%2C1024&#038;ssl=1\" alt=\"\" class=\"wp-image-54354\" srcset=\"https:\/\/i0.wp.com\/castor-watches.com\/wp-content\/uploads\/2022\/09\/Castor-Caleuche-desc2b.jpg?w=1024&amp;ssl=1 1024w, https:\/\/i0.wp.com\/castor-watches.com\/wp-content\/uploads\/2022\/09\/Castor-Caleuche-desc2b.jpg?resize=300%2C300&amp;ssl=1 300w, https:\/\/i0.wp.com\/castor-watches.com\/wp-content\/uploads\/2022\/09\/Castor-Caleuche-desc2b.jpg?resize=150%2C150&amp;ssl=1 150w, https:\/\/i0.wp.com\/castor-watches.com\/wp-content\/uploads\/2022\/09\/Castor-Caleuche-desc2b.jpg?resize=768%2C768&amp;ssl=1 768w, https:\/\/i0.wp.com\/castor-watches.com\/wp-content\/uploads\/2022\/09\/Castor-Caleuche-desc2b.jpg?resize=990%2C990&amp;ssl=1 990w, https:\/\/i0.wp.com\/castor-watches.com\/wp-content\/uploads\/2022\/09\/Castor-Caleuche-desc2b.jpg?resize=441%2C441&amp;ssl=1 441w, https:\/\/i0.wp.com\/castor-watches.com\/wp-content\/uploads\/2022\/09\/Castor-Caleuche-desc2b.jpg?resize=100%2C100&amp;ssl=1 100w, https:\/\/i0.wp.com\/castor-watches.com\/wp-content\/uploads\/2022\/09\/Castor-Caleuche-desc2b.jpg?resize=800%2C800&amp;ssl=1 800w\" sizes=\"(max-width: 1024px) 100vw, 1024px\" \/><\/figure>\n\n\n\n<div style=\"height:100px\" aria-hidden=\"true\" class=\"wp-block-spacer\"><\/div>\n\n\n\n<p class=\"title has-text-color\" style=\"color:#deb887\"><strong><strong>REPLACEMENT<\/strong><\/strong><\/p>\n\n\n\n<h2 class=\"wp-block-heading\">NATO STRAP<\/h2>\n\n\n\n<p>Additionally, it comes with a NATO strap made of &#8220;Seatbelt&#8221; material, the same used in seat belts. It changes the style to a more sporty one.<\/p>\n\n\n\n<figure class=\"wp-block-image alignfull size-large\"><img data-recalc-dims=\"1\" decoding=\"async\" width=\"1024\" height=\"1024\" src=\"https:\/\/i0.wp.com\/castor-watches.com\/wp-content\/uploads\/2022\/09\/castor-caleuche-4383-2.jpg?resize=1024%2C1024&#038;ssl=1\" alt=\"\" class=\"wp-image-54311\" srcset=\"https:\/\/i0.wp.com\/castor-watches.com\/wp-content\/uploads\/2022\/09\/castor-caleuche-4383-2.jpg?resize=1024%2C1024&amp;ssl=1 1024w, https:\/\/i0.wp.com\/castor-watches.com\/wp-content\/uploads\/2022\/09\/castor-caleuche-4383-2.jpg?resize=300%2C300&amp;ssl=1 300w, https:\/\/i0.wp.com\/castor-watches.com\/wp-content\/uploads\/2022\/09\/castor-caleuche-4383-2.jpg?resize=150%2C150&amp;ssl=1 150w, https:\/\/i0.wp.com\/castor-watches.com\/wp-content\/uploads\/2022\/09\/castor-caleuche-4383-2.jpg?resize=768%2C768&amp;ssl=1 768w, https:\/\/i0.wp.com\/castor-watches.com\/wp-content\/uploads\/2022\/09\/castor-caleuche-4383-2.jpg?resize=990%2C990&amp;ssl=1 990w, https:\/\/i0.wp.com\/castor-watches.com\/wp-content\/uploads\/2022\/09\/castor-caleuche-4383-2.jpg?resize=441%2C441&amp;ssl=1 441w, https:\/\/i0.wp.com\/castor-watches.com\/wp-content\/uploads\/2022\/09\/castor-caleuche-4383-2.jpg?resize=100%2C100&amp;ssl=1 100w, https:\/\/i0.wp.com\/castor-watches.com\/wp-content\/uploads\/2022\/09\/castor-caleuche-4383-2.jpg?resize=800%2C800&amp;ssl=1 800w, https:\/\/i0.wp.com\/castor-watches.com\/wp-content\/uploads\/2022\/09\/castor-caleuche-4383-2.jpg?w=1400&amp;ssl=1 1400w\" sizes=\"(max-width: 1024px) 100vw, 1024px\" \/><\/figure>\n\n\n\n<div style=\"height:100px\" aria-hidden=\"true\" class=\"wp-block-spacer\"><\/div>\n\n\n\n<script src=\"https:\/\/apps.elfsight.com\/p\/platform.js\" defer=\"defer\"><\/script>\n<div class=\"elfsight-app-4db8f0e5-8a93-4897-a5b2-7629176ef979\"><\/div>\n\n\n\n<div style=\"height:100px\" aria-hidden=\"true\" class=\"wp-block-spacer\"><\/div>\n\n\n\n<h2 class=\"wp-block-heading\">360\u00b0 Video<\/h2>\n\n\n\n<figure class=\"wp-block-embed is-type-video is-provider-youtube wp-block-embed-youtube wp-embed-aspect-4-3 wp-has-aspect-ratio\"><div class=\"wp-block-embed__wrapper\">\n<div class=\"video-container\"><iframe title=\"Vista 360\u00b0 Reloj Castor Caleuche\" width=\"1170\" height=\"878\" src=\"https:\/\/www.youtube.com\/embed\/fyUUL8BAjPs?start=1&#038;feature=oembed&#038;enablejsapi=1&#038;origin=https:\/\/castor-watches.com\" frameborder=\"0\" allow=\"accelerometer; autoplay; clipboard-write; encrypted-media; gyroscope; picture-in-picture; web-share\" allowfullscreen><\/iframe><\/div>\n<\/div><\/figure>\n<\/div>\n<\/div>\n","protected":false},"excerpt":{"rendered":"<p>The Caleuche, also known as the Art Ship, is a classic legend of our popular culture. In this watch we pay tribute to him, with a &#8220;diver&#8221; style model, in a marine style. It is characterized by large marks and a bronze bevel that ages with time due to oxidation. Thus, the watch changes appearance with it. Brushed stainless steel case, sandalwood dial with green and white markers and a Citizen Miyota mechanism with date. Comes with a leather strap 100% handmade in Chile by us. It is made of high quality rustic style leather and also comes with a NATO style &#8220;Seat belt&#8221; strap as it is made of the same material as seat belts. It comes in black color with green borders that match perfectly with the dial. Water resistant, this watch, like the legend, will take you with it.<\/p>\n<h4>Specifications:<\/h4>\n<ul>\n<li>CASE: Stainless steel and bronze bezel<\/li>\n<li>CRYSTAL: Concave mineral glass<\/li>\n<li>MOVEMENT: Miyota Citizen quartz, Japan<\/li>\n<li>HANDS: Luminous (glow in the dark)<\/li>\n<li>DIAMETER: 41mm<\/li>\n<li>THICKNESS: 9mm<\/li>\n<li>WATER RESISTANT: 5 ATM &#8211; Short-term swimming, diving from the shore. No immersion.<\/li>\n<li>STRAPS: Handmade brown leather strap. Additional &#8220;NATO&#8221; strap of reinforced fabric.<\/li>\n<\/ul>\n<p>&nbsp;<\/p>\n<h4>Shipping:<\/h4>\n<ul>\n<li>CHILE: 48 &#8211; 72 hrs &#8211; FREE<\/li>\n<li>EUROPA: 3 &#8211; 5 days &#8211; FREE<\/li>\n<\/ul>\n","protected":false},"featured_media":53193,"comment_status":"open","ping_status":"closed","template":"","meta":[],"product_brand":[],"product_cat":[1514,1514,1333,1393],"product_tag":[1334,1420,1336,1335],"class_list":{"0":"post-53180","1":"product","2":"type-product","3":"status-publish","4":"has-post-thumbnail","6":"product_cat-best-seller","8":"product_cat-mens-watches","9":"product_cat-wood-and-metal-watches","10":"product_tag-mens-watches","11":"product_tag-premium-watches","12":"product_tag-traveler","13":"product_tag-wood-and-metal-clocks","15":"first","16":"outofstock","17":"shipping-taxable","18":"purchasable","19":"product-type-simple"},"jetpack_sharing_enabled":true,"_links":{"self":[{"href":"https:\/\/castor-watches.com\/en\/wp-json\/wp\/v2\/product\/53180","targetHints":{"allow":["GET"]}}],"collection":[{"href":"https:\/\/castor-watches.com\/en\/wp-json\/wp\/v2\/product"}],"about":[{"href":"https:\/\/castor-watches.com\/en\/wp-json\/wp\/v2\/types\/product"}],"replies":[{"embeddable":true,"href":"https:\/\/castor-watches.com\/en\/wp-json\/wp\/v2\/comments?post=53180"}],"wp:featuredmedia":[{"embeddable":true,"href":"https:\/\/castor-watches.com\/en\/wp-json\/wp\/v2\/media\/53193"}],"wp:attachment":[{"href":"https:\/\/castor-watches.com\/en\/wp-json\/wp\/v2\/media?parent=53180"}],"wp:term":[{"taxonomy":"product_brand","embeddable":true,"href":"https:\/\/castor-watches.com\/en\/wp-json\/wp\/v2\/product_brand?post=53180"},{"taxonomy":"product_cat","embeddable":true,"href":"https:\/\/castor-watches.com\/en\/wp-json\/wp\/v2\/product_cat?post=53180"},{"taxonomy":"product_tag","embeddable":true,"href":"https:\/\/castor-watches.com\/en\/wp-json\/wp\/v2\/product_tag?post=53180"}],"curies":[{"name":"wp","href":"https:\/\/api.w.org\/{rel}","templated":true}]}}