{"id":53220,"date":"2021-06-17T16:10:25","date_gmt":"2022-08-31T13:35:19","guid":{"rendered":"https:\/\/castor-watches.com\/producto\/bull-marble\/"},"modified":"2024-12-02T19:07:52","modified_gmt":"2024-12-02T22:07:52","slug":"bull-marble","status":"publish","type":"product","link":"https:\/\/castor-watches.com\/en\/producto\/bull-marble\/","title":{"rendered":"Toro M\u00e1rmol"},"content":{"rendered":"\n<div class=\"wp-block-columns are-vertically-aligned-center is-layout-flex wp-container-core-columns-is-layout-28f84493 wp-block-columns-is-layout-flex\">\n<div class=\"wp-block-column is-vertically-aligned-center is-layout-flow wp-block-column-is-layout-flow\">\n<p class=\"title has-text-color\" style=\"color:#deb887\"><strong>ARTE NACIONAL<\/strong><\/p>\n\n\n\n<h2 class=\"wp-block-heading\">SERGIO VERGARA<\/h2>\n\n\n\n<p>Sergio es un pintor autodidacta. Entre otras obras, Sergio es autor del mural infantil m\u00e1s largo de Latinoam\u00e9rica, patrocinado por la UNICEF. Adem\u00e1s ha llevado sus murales al extranjero, pintando en Italia y exponiendo en Suecia, Holanda y oros lugares.<\/p>\n\n\n\n<p>Puedes reconocer su obra y quiz\u00e1s hayas visto los famosos toros, o los gallos y peces. Estos \u00faltimo los elegidos para comenzar nuestra colecci\u00f3n con los relojes para mujer.<\/p>\n\n\n\n<figure class=\"wp-block-image alignfull size-full\"><img data-recalc-dims=\"1\" fetchpriority=\"high\" decoding=\"async\" width=\"450\" height=\"338\" src=\"https:\/\/i0.wp.com\/castor-watches.com\/wp-content\/uploads\/2020\/05\/sergio-vergara.jpg.jpg?resize=450%2C338&#038;ssl=1\" alt=\"\" class=\"wp-image-46386\" srcset=\"https:\/\/i0.wp.com\/castor-watches.com\/wp-content\/uploads\/2020\/05\/sergio-vergara.jpg.jpg?w=450&amp;ssl=1 450w, https:\/\/i0.wp.com\/castor-watches.com\/wp-content\/uploads\/2020\/05\/sergio-vergara.jpg.jpg?resize=300%2C225&amp;ssl=1 300w, https:\/\/i0.wp.com\/castor-watches.com\/wp-content\/uploads\/2020\/05\/sergio-vergara.jpg.jpg?resize=150%2C113&amp;ssl=1 150w, https:\/\/i0.wp.com\/castor-watches.com\/wp-content\/uploads\/2020\/05\/sergio-vergara.jpg.jpg?resize=3%2C2&amp;ssl=1 3w, https:\/\/i0.wp.com\/castor-watches.com\/wp-content\/uploads\/2020\/05\/sergio-vergara.jpg.jpg?resize=10%2C8&amp;ssl=1 10w, https:\/\/i0.wp.com\/castor-watches.com\/wp-content\/uploads\/2020\/05\/sergio-vergara.jpg.jpg?resize=100%2C75&amp;ssl=1 100w\" sizes=\"(max-width: 450px) 100vw, 450px\" \/><\/figure>\n\n\n\n<figure class=\"wp-block-image size-full\"><a href=\"https:\/\/i0.wp.com\/castor-watches.com\/wp-content\/uploads\/2020\/05\/Otras_Obras_Sergio_Vergara_Arteaga_pintor_chileno-2.png?ssl=1\"><img data-recalc-dims=\"1\" decoding=\"async\" width=\"937\" height=\"484\" src=\"https:\/\/i0.wp.com\/castor-watches.com\/wp-content\/uploads\/2020\/05\/Otras_Obras_Sergio_Vergara_Arteaga_pintor_chileno-2.png?resize=937%2C484&#038;ssl=1\" alt=\"\" class=\"wp-image-46389\" srcset=\"https:\/\/i0.wp.com\/castor-watches.com\/wp-content\/uploads\/2020\/05\/Otras_Obras_Sergio_Vergara_Arteaga_pintor_chileno-2.png?w=937&amp;ssl=1 937w, https:\/\/i0.wp.com\/castor-watches.com\/wp-content\/uploads\/2020\/05\/Otras_Obras_Sergio_Vergara_Arteaga_pintor_chileno-2.png?resize=150%2C77&amp;ssl=1 150w, https:\/\/i0.wp.com\/castor-watches.com\/wp-content\/uploads\/2020\/05\/Otras_Obras_Sergio_Vergara_Arteaga_pintor_chileno-2.png?resize=800%2C413&amp;ssl=1 800w, https:\/\/i0.wp.com\/castor-watches.com\/wp-content\/uploads\/2020\/05\/Otras_Obras_Sergio_Vergara_Arteaga_pintor_chileno-2.png?resize=300%2C155&amp;ssl=1 300w, https:\/\/i0.wp.com\/castor-watches.com\/wp-content\/uploads\/2020\/05\/Otras_Obras_Sergio_Vergara_Arteaga_pintor_chileno-2.png?resize=768%2C397&amp;ssl=1 768w, https:\/\/i0.wp.com\/castor-watches.com\/wp-content\/uploads\/2020\/05\/Otras_Obras_Sergio_Vergara_Arteaga_pintor_chileno-2.png?resize=3%2C2&amp;ssl=1 3w, https:\/\/i0.wp.com\/castor-watches.com\/wp-content\/uploads\/2020\/05\/Otras_Obras_Sergio_Vergara_Arteaga_pintor_chileno-2.png?resize=10%2C5&amp;ssl=1 10w, https:\/\/i0.wp.com\/castor-watches.com\/wp-content\/uploads\/2020\/05\/Otras_Obras_Sergio_Vergara_Arteaga_pintor_chileno-2.png?resize=100%2C52&amp;ssl=1 100w, https:\/\/i0.wp.com\/castor-watches.com\/wp-content\/uploads\/2020\/05\/Otras_Obras_Sergio_Vergara_Arteaga_pintor_chileno-2.png?resize=555%2C287&amp;ssl=1 555w\" sizes=\"(max-width: 937px) 100vw, 937px\" \/><\/a><\/figure>\n\n\n\n<div style=\"height:100px\" aria-hidden=\"true\" class=\"wp-block-spacer\"><\/div>\n\n\n\n<p class=\"title has-text-color\" style=\"color:#deb887\"><strong>CASTOR PEZ<\/strong><\/p>\n\n\n\n<h2 class=\"wp-block-heading\">UNA OBRA DE ARTE EN TU RELOJ<\/h2>\n\n\n\n<p>Para esta segunda etapa nos basamos en la obra \u201cToro\u201d para el reloj de mujer. Pronto sacaremos m\u00e1s obras de este excelente pintor nacional.<\/p>\n\n\n\n<figure class=\"wp-block-image alignfull size-full\"><img data-recalc-dims=\"1\" decoding=\"async\" width=\"600\" height=\"486\" src=\"https:\/\/i0.wp.com\/castor-watches.com\/wp-content\/uploads\/2020\/05\/Relojes-Castor-Sergio-Vergara-Toro.jpg?resize=600%2C486&#038;ssl=1\" alt=\"\" class=\"wp-image-46397\" srcset=\"https:\/\/i0.wp.com\/castor-watches.com\/wp-content\/uploads\/2020\/05\/Relojes-Castor-Sergio-Vergara-Toro.jpg?w=600&amp;ssl=1 600w, https:\/\/i0.wp.com\/castor-watches.com\/wp-content\/uploads\/2020\/05\/Relojes-Castor-Sergio-Vergara-Toro.jpg?resize=150%2C122&amp;ssl=1 150w, https:\/\/i0.wp.com\/castor-watches.com\/wp-content\/uploads\/2020\/05\/Relojes-Castor-Sergio-Vergara-Toro.jpg?resize=555%2C450&amp;ssl=1 555w, https:\/\/i0.wp.com\/castor-watches.com\/wp-content\/uploads\/2020\/05\/Relojes-Castor-Sergio-Vergara-Toro.jpg?resize=300%2C243&amp;ssl=1 300w, https:\/\/i0.wp.com\/castor-watches.com\/wp-content\/uploads\/2020\/05\/Relojes-Castor-Sergio-Vergara-Toro.jpg?resize=3%2C2&amp;ssl=1 3w, https:\/\/i0.wp.com\/castor-watches.com\/wp-content\/uploads\/2020\/05\/Relojes-Castor-Sergio-Vergara-Toro.jpg?resize=10%2C8&amp;ssl=1 10w, https:\/\/i0.wp.com\/castor-watches.com\/wp-content\/uploads\/2020\/05\/Relojes-Castor-Sergio-Vergara-Toro.jpg?resize=100%2C81&amp;ssl=1 100w\" sizes=\"(max-width: 600px) 100vw, 600px\" \/><\/figure>\n\n\n\n<div style=\"height:100px\" aria-hidden=\"true\" class=\"wp-block-spacer\"><\/div>\n\n\n\n<p class=\"title has-text-color\" style=\"color:#deb887\"><strong><strong>SERIGRAFIA Y MADERA<\/strong><\/strong><\/p>\n\n\n\n<h2 class=\"wp-block-heading\">DISE\u00d1O INNOVADOR<\/h2>\n\n\n\n<p>El Castor Toro utiliza serigraf\u00eda en su dial de madera de arce para plasmar la obra de Sergio Vergara. En esta primera colecci\u00f3n usamos al &#8220;Toro&#8221; de Sergio, con una mezcla de colores de correas que juegan con el color del toro al interior del reloj. Su dise\u00f1o es muy fino, especial para quienes buscan un reloj peque\u00f1o.<\/p>\n\n\n\n<figure class=\"wp-block-image alignfull size-large\"><img data-recalc-dims=\"1\" loading=\"lazy\" decoding=\"async\" width=\"1024\" height=\"1024\" src=\"https:\/\/i0.wp.com\/castor-watches.com\/wp-content\/uploads\/2021\/06\/Castor-Sergio-Vergara-lateral.jpg?resize=1024%2C1024&#038;ssl=1\" alt=\"\" class=\"wp-image-56018\" srcset=\"https:\/\/i0.wp.com\/castor-watches.com\/wp-content\/uploads\/2021\/06\/Castor-Sergio-Vergara-lateral.jpg?resize=1024%2C1024&amp;ssl=1 1024w, https:\/\/i0.wp.com\/castor-watches.com\/wp-content\/uploads\/2021\/06\/Castor-Sergio-Vergara-lateral.jpg?resize=300%2C300&amp;ssl=1 300w, https:\/\/i0.wp.com\/castor-watches.com\/wp-content\/uploads\/2021\/06\/Castor-Sergio-Vergara-lateral.jpg?resize=150%2C150&amp;ssl=1 150w, https:\/\/i0.wp.com\/castor-watches.com\/wp-content\/uploads\/2021\/06\/Castor-Sergio-Vergara-lateral.jpg?resize=768%2C768&amp;ssl=1 768w, https:\/\/i0.wp.com\/castor-watches.com\/wp-content\/uploads\/2021\/06\/Castor-Sergio-Vergara-lateral.jpg?resize=990%2C990&amp;ssl=1 990w, https:\/\/i0.wp.com\/castor-watches.com\/wp-content\/uploads\/2021\/06\/Castor-Sergio-Vergara-lateral.jpg?resize=441%2C441&amp;ssl=1 441w, https:\/\/i0.wp.com\/castor-watches.com\/wp-content\/uploads\/2021\/06\/Castor-Sergio-Vergara-lateral.jpg?resize=100%2C100&amp;ssl=1 100w, https:\/\/i0.wp.com\/castor-watches.com\/wp-content\/uploads\/2021\/06\/Castor-Sergio-Vergara-lateral.jpg?resize=800%2C800&amp;ssl=1 800w, https:\/\/i0.wp.com\/castor-watches.com\/wp-content\/uploads\/2021\/06\/Castor-Sergio-Vergara-lateral.jpg?w=1400&amp;ssl=1 1400w\" sizes=\"(max-width: 1024px) 100vw, 1024px\" \/><\/figure>\n\n\n\n<div style=\"height:100px\" aria-hidden=\"true\" class=\"wp-block-spacer\"><\/div>\n<\/div>\n<\/div>\n","protected":false},"excerpt":{"rendered":"<p>The Castor line of artist watches continues with Sergio Vergara and his best known work &#8220;Toro&#8221;. This watch combines the painter&#8217;s work on a maple wood dial and a square metal case, emulating a painting frame. Available in natural leather straps in 4 different colors that match the artist&#8217;s work. It is our way of paying tribute to the national cultural heritage and an innovative and elegant watch at the same time.<\/p>\n<h4>Specifications:<\/h4>\n<ul>\n<li>CASE: Metal<\/li>\n<li>MOVEMENT: Miyota Citizen quartz, Japan<\/li>\n<li>MEASUREMENTS: Width and height 29mm<\/li>\n<li>CRYSTAL: Mineral Crystal<\/li>\n<li>STRAP: Natural leather<\/li>\n<\/ul>\n<p>&nbsp;<\/p>\n<h4>Shipping:<\/h4>\n<ul>\n<li>CHILE &#8211; FREE &#8211; 48\/72 hrs.<\/li>\n<\/ul>\n","protected":false},"featured_media":53214,"comment_status":"open","ping_status":"closed","template":"","meta":[],"product_brand":[],"product_cat":[1323,1393],"product_tag":[1326,1321,1324,1322],"class_list":{"0":"post-53220","1":"product","2":"type-product","3":"status-publish","4":"has-post-thumbnail","6":"product_cat-womens-watches","7":"product_cat-wood-and-metal-watches","8":"product_tag-sergio-vergara-en","9":"product_tag-watch","10":"product_tag-womens-watches","11":"product_tag-wooden-clock","13":"first","14":"outofstock","15":"shipping-taxable","16":"purchasable","17":"product-type-variable"},"jetpack_sharing_enabled":true,"_links":{"self":[{"href":"https:\/\/castor-watches.com\/en\/wp-json\/wp\/v2\/product\/53220","targetHints":{"allow":["GET"]}}],"collection":[{"href":"https:\/\/castor-watches.com\/en\/wp-json\/wp\/v2\/product"}],"about":[{"href":"https:\/\/castor-watches.com\/en\/wp-json\/wp\/v2\/types\/product"}],"replies":[{"embeddable":true,"href":"https:\/\/castor-watches.com\/en\/wp-json\/wp\/v2\/comments?post=53220"}],"wp:featuredmedia":[{"embeddable":true,"href":"https:\/\/castor-watches.com\/en\/wp-json\/wp\/v2\/media\/53214"}],"wp:attachment":[{"href":"https:\/\/castor-watches.com\/en\/wp-json\/wp\/v2\/media?parent=53220"}],"wp:term":[{"taxonomy":"product_brand","embeddable":true,"href":"https:\/\/castor-watches.com\/en\/wp-json\/wp\/v2\/product_brand?post=53220"},{"taxonomy":"product_cat","embeddable":true,"href":"https:\/\/castor-watches.com\/en\/wp-json\/wp\/v2\/product_cat?post=53220"},{"taxonomy":"product_tag","embeddable":true,"href":"https:\/\/castor-watches.com\/en\/wp-json\/wp\/v2\/product_tag?post=53220"}],"curies":[{"name":"wp","href":"https:\/\/api.w.org\/{rel}","templated":true}]}}