{"id":53302,"date":"2016-11-23T14:07:23","date_gmt":"2022-09-03T12:33:28","guid":{"rendered":"https:\/\/castor-watches.com\/producto\/newen-42mm\/"},"modified":"2025-07-23T11:17:22","modified_gmt":"2025-07-23T15:17:22","slug":"newen","status":"publish","type":"product","link":"https:\/\/castor-watches.com\/en\/producto\/newen\/","title":{"rendered":"NEWEN 42 MM : BAMBOO AND SANDALWOOD"},"content":{"rendered":"\n<div class=\"wp-block-columns are-vertically-aligned-center is-layout-flex wp-container-core-columns-is-layout-28f84493 wp-block-columns-is-layout-flex\">\n<div class=\"wp-block-column is-vertically-aligned-center is-layout-flow wp-block-column-is-layout-flow\">\n<p class=\"title has-text-color\" style=\"color:#deb887\"><strong>PUEBLOS ORIGINARIOS<\/strong><\/p>\n\n\n\n<h2 class=\"wp-block-heading\">UN HOMENAJE A NUESTROS ORIGENES<\/h2>\n\n\n\n<p>La l\u00ednea \u00e9tnica rinde homenaje a los pueblos Mapuche, Diaguita y Selknam. En sus dise\u00f1os evoca los colores, formas y simbolog\u00edas caracter\u00edsticas de estas culturas. Lo hemos hecho cuidando la est\u00e9tica, incorpor\u00e1ndolos en un dise\u00f1o elegante y minimalista.<\/p>\n\n\n\n<figure class=\"wp-block-image alignwide size-large\"><img data-recalc-dims=\"1\" fetchpriority=\"high\" decoding=\"async\" width=\"1024\" height=\"693\" src=\"https:\/\/i0.wp.com\/castor-watches.com\/wp-content\/uploads\/2022\/10\/Castor-linea-etnica-1024x693.jpg?resize=1024%2C693&#038;ssl=1\" alt=\"\" class=\"wp-image-55895\" srcset=\"https:\/\/i0.wp.com\/castor-watches.com\/wp-content\/uploads\/2022\/10\/Castor-linea-etnica.jpg?resize=1024%2C693&amp;ssl=1 1024w, https:\/\/i0.wp.com\/castor-watches.com\/wp-content\/uploads\/2022\/10\/Castor-linea-etnica.jpg?resize=300%2C203&amp;ssl=1 300w, https:\/\/i0.wp.com\/castor-watches.com\/wp-content\/uploads\/2022\/10\/Castor-linea-etnica.jpg?resize=768%2C520&amp;ssl=1 768w, https:\/\/i0.wp.com\/castor-watches.com\/wp-content\/uploads\/2022\/10\/Castor-linea-etnica.jpg?resize=990%2C670&amp;ssl=1 990w, https:\/\/i0.wp.com\/castor-watches.com\/wp-content\/uploads\/2022\/10\/Castor-linea-etnica.jpg?resize=441%2C298&amp;ssl=1 441w, https:\/\/i0.wp.com\/castor-watches.com\/wp-content\/uploads\/2022\/10\/Castor-linea-etnica.jpg?resize=800%2C541&amp;ssl=1 800w, https:\/\/i0.wp.com\/castor-watches.com\/wp-content\/uploads\/2022\/10\/Castor-linea-etnica.jpg?resize=150%2C102&amp;ssl=1 150w, https:\/\/i0.wp.com\/castor-watches.com\/wp-content\/uploads\/2022\/10\/Castor-linea-etnica.jpg?w=1200&amp;ssl=1 1200w\" sizes=\"(max-width: 1024px) 100vw, 1024px\" \/><\/figure>\n\n\n\n<div style=\"height:100px\" aria-hidden=\"true\" class=\"wp-block-spacer\"><\/div>\n\n\n\n<p class=\"title has-text-color\" style=\"color:#deb887\"><strong>MATERIALES NOBLES<\/strong><\/p>\n\n\n\n<h2 class=\"wp-block-heading\">MADERA Y CUERO<\/h2>\n\n\n\n<p>El nuevo dise\u00f1o Newen en 42mm est\u00e1 hecho en materiales nobles. La caja est\u00e1 fabricada con madera de s\u00e1ndalo y el dial con madera de bamboo. La correa es de cuero 100% aut\u00e9ntico. El motor es japon\u00e9s Miyota Citizen.<\/p>\n\n\n\n<figure class=\"wp-block-image alignfull size-large\"><img data-recalc-dims=\"1\" decoding=\"async\" width=\"1024\" height=\"1024\" src=\"https:\/\/i0.wp.com\/castor-watches.com\/wp-content\/uploads\/2022\/10\/Reloj-Castor-Newen.jpg?resize=1024%2C1024&#038;ssl=1\" alt=\"\" class=\"wp-image-55898\" srcset=\"https:\/\/i0.wp.com\/castor-watches.com\/wp-content\/uploads\/2022\/10\/Reloj-Castor-Newen.jpg?resize=1024%2C1024&amp;ssl=1 1024w, https:\/\/i0.wp.com\/castor-watches.com\/wp-content\/uploads\/2022\/10\/Reloj-Castor-Newen.jpg?resize=300%2C300&amp;ssl=1 300w, https:\/\/i0.wp.com\/castor-watches.com\/wp-content\/uploads\/2022\/10\/Reloj-Castor-Newen.jpg?resize=150%2C150&amp;ssl=1 150w, https:\/\/i0.wp.com\/castor-watches.com\/wp-content\/uploads\/2022\/10\/Reloj-Castor-Newen.jpg?resize=768%2C768&amp;ssl=1 768w, https:\/\/i0.wp.com\/castor-watches.com\/wp-content\/uploads\/2022\/10\/Reloj-Castor-Newen.jpg?resize=990%2C990&amp;ssl=1 990w, https:\/\/i0.wp.com\/castor-watches.com\/wp-content\/uploads\/2022\/10\/Reloj-Castor-Newen.jpg?resize=441%2C441&amp;ssl=1 441w, https:\/\/i0.wp.com\/castor-watches.com\/wp-content\/uploads\/2022\/10\/Reloj-Castor-Newen.jpg?resize=100%2C100&amp;ssl=1 100w, https:\/\/i0.wp.com\/castor-watches.com\/wp-content\/uploads\/2022\/10\/Reloj-Castor-Newen.jpg?resize=800%2C800&amp;ssl=1 800w, https:\/\/i0.wp.com\/castor-watches.com\/wp-content\/uploads\/2022\/10\/Reloj-Castor-Newen.jpg?w=1400&amp;ssl=1 1400w\" sizes=\"(max-width: 1024px) 100vw, 1024px\" \/><\/figure>\n\n\n\n<div style=\"height:100px\" aria-hidden=\"true\" class=\"wp-block-spacer\"><\/div>\n\n\n\n<p class=\"title has-text-color\" style=\"color:#deb887\"><strong><strong>NO HAY LIMITE<\/strong><\/strong><\/p>\n\n\n\n<h2 class=\"wp-block-heading\">UNISEX<\/h2>\n\n\n\n<p>Los modelos \u00e9tnicos tienen un tama\u00f1o adecuado para cualquier mu\u00f1eca y no son exclusivos para hombre o mujer. Sus colores son neutros y muy combinables.<\/p>\n\n\n\n<figure class=\"wp-block-image alignfull size-large\"><img data-recalc-dims=\"1\" decoding=\"async\" width=\"768\" height=\"1024\" src=\"https:\/\/i0.wp.com\/castor-watches.com\/wp-content\/uploads\/2022\/10\/castor-newen-mujer.jpg?resize=768%2C1024&#038;ssl=1\" alt=\"\" class=\"wp-image-55882\" srcset=\"https:\/\/i0.wp.com\/castor-watches.com\/wp-content\/uploads\/2022\/10\/castor-newen-mujer.jpg?resize=768%2C1024&amp;ssl=1 768w, https:\/\/i0.wp.com\/castor-watches.com\/wp-content\/uploads\/2022\/10\/castor-newen-mujer.jpg?resize=225%2C300&amp;ssl=1 225w, https:\/\/i0.wp.com\/castor-watches.com\/wp-content\/uploads\/2022\/10\/castor-newen-mujer.jpg?resize=990%2C1320&amp;ssl=1 990w, https:\/\/i0.wp.com\/castor-watches.com\/wp-content\/uploads\/2022\/10\/castor-newen-mujer.jpg?resize=441%2C588&amp;ssl=1 441w, https:\/\/i0.wp.com\/castor-watches.com\/wp-content\/uploads\/2022\/10\/castor-newen-mujer.jpg?resize=300%2C400&amp;ssl=1 300w, https:\/\/i0.wp.com\/castor-watches.com\/wp-content\/uploads\/2022\/10\/castor-newen-mujer.jpg?resize=800%2C1067&amp;ssl=1 800w, https:\/\/i0.wp.com\/castor-watches.com\/wp-content\/uploads\/2022\/10\/castor-newen-mujer.jpg?resize=150%2C200&amp;ssl=1 150w, https:\/\/i0.wp.com\/castor-watches.com\/wp-content\/uploads\/2022\/10\/castor-newen-mujer.jpg?w=1050&amp;ssl=1 1050w\" sizes=\"(max-width: 768px) 100vw, 768px\" \/><\/figure>\n\n\n\n<div style=\"height:100px\" aria-hidden=\"true\" class=\"wp-block-spacer\"><\/div>\n\n\n\n<div style=\"height:100px\" aria-hidden=\"true\" class=\"wp-block-spacer\"><\/div>\n\n\n\n<h2 class=\"wp-block-heading\">Video 360\u00b0<\/h2>\n\n\n\n<figure class=\"wp-block-embed is-type-video is-provider-youtube wp-block-embed-youtube wp-embed-aspect-16-9 wp-has-aspect-ratio\"><div class=\"wp-block-embed__wrapper\">\n<div class=\"video-container\"><iframe title=\"Vista 360\u00b0 Castor Newen 40mm\" width=\"1170\" height=\"658\" src=\"https:\/\/www.youtube.com\/embed\/QBX9DnB_Epg?feature=oembed\" frameborder=\"0\" allow=\"accelerometer; autoplay; clipboard-write; encrypted-media; gyroscope; picture-in-picture; web-share\" referrerpolicy=\"strict-origin-when-cross-origin\" allowfullscreen><\/iframe><\/div>\n<\/div><\/figure>\n<\/div>\n<\/div>\n\n\n\n<div style=\"height:60px\" aria-hidden=\"true\" class=\"wp-block-spacer\"><\/div>\n\n\n\t\t<div data-elementor-type=\"section\" data-elementor-id=\"63126\" class=\"elementor elementor-63126\" data-elementor-post-type=\"elementor_library\">\n\t\t\t\t\t<section class=\"elementor-section elementor-top-section elementor-element elementor-element-5971998d elementor-section-boxed elementor-section-height-default elementor-section-height-default\" data-id=\"5971998d\" data-element_type=\"section\" data-e-type=\"section\">\n\t\t\t\t\t\t<div class=\"elementor-container elementor-column-gap-default\">\n\t\t\t\t\t<div class=\"elementor-column elementor-col-100 elementor-top-column elementor-element elementor-element-553af759\" data-id=\"553af759\" data-element_type=\"column\" data-e-type=\"column\">\n\t\t\t<div class=\"elementor-widget-wrap elementor-element-populated\">\n\t\t\t\t\t\t<div class=\"elementor-element elementor-element-4a1b7c62 elementor-widget elementor-widget-heading\" data-id=\"4a1b7c62\" data-element_type=\"widget\" data-e-type=\"widget\" data-widget_type=\"heading.default\">\n\t\t\t\t\t<h2 class=\"elementor-heading-title elementor-size-default\">Newen en Instagram<\/h2>\t\t\t\t<\/div>\n\t\t\t\t\t<\/div>\n\t\t<\/div>\n\t\t\t\t\t<\/div>\n\t\t<\/section>\n\t\t\t\t<section class=\"elementor-section elementor-top-section elementor-element elementor-element-63288125 elementor-section-boxed elementor-section-height-default elementor-section-height-default\" data-id=\"63288125\" data-element_type=\"section\" data-e-type=\"section\">\n\t\t\t\t\t\t<div class=\"elementor-container elementor-column-gap-default\">\n\t\t\t\t\t<div class=\"elementor-column elementor-col-100 elementor-top-column elementor-element elementor-element-2d22a030\" data-id=\"2d22a030\" data-element_type=\"column\" data-e-type=\"column\">\n\t\t\t<div class=\"elementor-widget-wrap elementor-element-populated\">\n\t\t\t\t\t\t<div class=\"elementor-element elementor-element-4aa4e57a elementor-widget elementor-widget-text-editor\" data-id=\"4aa4e57a\" data-element_type=\"widget\" data-e-type=\"widget\" data-widget_type=\"text-editor.default\">\n\t\t\t\t\t\t\t\t\t<div class=\"instagram-follow-container\">\n<div class=\"instagram-follow-button\"><a href=\"https:\/\/www.instagram.com\/castorwatches\/\" target=\"_blank\" rel=\"noopener\">\n<img decoding=\"async\" class=\"instagram-logo\" src=\"https:\/\/upload.wikimedia.org\/wikipedia\/commons\/a\/a5\/Instagram_icon.png\" alt=\"Instagram\" \/>\nSeguir\n<\/a><\/div>\n<\/div>\t\t\t\t\t\t\t\t<\/div>\n\t\t\t\t\t<\/div>\n\t\t<\/div>\n\t\t\t\t\t<\/div>\n\t\t<\/section>\n\t\t\t\t<section class=\"elementor-section elementor-top-section elementor-element elementor-element-5927700d elementor-section-boxed elementor-section-height-default elementor-section-height-default\" data-id=\"5927700d\" data-element_type=\"section\" data-e-type=\"section\">\n\t\t\t\t\t\t<div class=\"elementor-container elementor-column-gap-default\">\n\t\t\t\t\t<div class=\"elementor-column elementor-col-100 elementor-top-column elementor-element elementor-element-fb69c56\" data-id=\"fb69c56\" data-element_type=\"column\" data-e-type=\"column\">\n\t\t\t<div class=\"elementor-widget-wrap elementor-element-populated\">\n\t\t\t\t\t\t<div class=\"elementor-element elementor-element-1faf7882 elementor-widget elementor-widget-shortcode\" data-id=\"1faf7882\" data-element_type=\"widget\" data-e-type=\"widget\" data-widget_type=\"shortcode.default\">\n\t\t\t\t\t\t\t<div class=\"elementor-shortcode\">[instagram_feed_with_followers_newen]<\/div>\n\t\t\t\t\t\t<\/div>\n\t\t\t\t<div class=\"elementor-element elementor-element-338acc29 elementor-widget elementor-widget-spacer\" data-id=\"338acc29\" data-element_type=\"widget\" data-e-type=\"widget\" data-widget_type=\"spacer.default\">\n\t\t\t\t\t\t\t<div class=\"elementor-spacer\">\n\t\t\t<div class=\"elementor-spacer-inner\"><\/div>\n\t\t<\/div>\n\t\t\t\t\t\t<\/div>\n\t\t\t\t\t<\/div>\n\t\t<\/div>\n\t\t\t\t\t<\/div>\n\t\t<\/section>\n\t\t\t\t<\/div>\n\t\t\n","protected":false},"excerpt":{"rendered":"<h4>Ethnic iconography in a 100% sandalwood and bamboo watch.<\/h4>\n<h6><span style=\"color: #999999;\"><span style=\"color: #60b358;\"><i class=\"fa\"> <\/i><\/span><\/span><span style=\"color: #999999;\">Bamboo Wood and Sandalwood <\/span><span style=\"color: #999999;\"><span style=\"color: #60b358;\"><i class=\"fa\"> <\/i><\/span><\/span><span style=\"color: #999999;\">Japanese Miyota Citizen Movement <\/span><span style=\"color: #999999;\"><span style=\"color: #60b358;\"><i class=\"fa\"> <\/i><\/span><\/span><span style=\"color: #999999;\">Leather Strap<\/span><\/h6>\n<p>&nbsp;<\/p>\n[cg_accordion title=\"Descripci\u00f3n\"]<\/p>\n<p><!-- wp:paragraph --><\/p>\n<p><!-- \/wp:paragraph --><\/p>\n<p><!-- wp:paragraph --><\/p>\n<p>The CASTOR NEWEN ethnic wooden watch pays tribute in its design to the Mapuche people. It is a combination of sandalwood with bamboo and leather that reflects the strength and artistry of one of the main native ethnic groups of southern South America.[\/cg_accordion]\n[cg_accordion title=\"Especificaciones\"]\n<ul>\n<li><strong>Movement:<\/strong> Quartz, Miyota Citizen 2035, Japan<\/li>\n<li><strong>Water resistant:<\/strong> Not suitable for submersion. Resists splashes and normal rain<\/li>\n<li><strong>Crystal:<\/strong> Mineral<\/li>\n<li><strong>Case Material:<\/strong> Sandalwood<\/li>\n<li><strong>Case diameter:<\/strong> 42mm<\/li>\n<li><strong>Height of the box:<\/strong> 12mm<\/li>\n<li><strong>Dial:<\/strong> Bamboo wood with silk-screen printing and engraving applications<\/li>\n<li><strong>Strap Material: <\/strong>Leather[\/cg_accordion]<\/li>\n<\/ul>\n[cg_accordion title=\"Env\u00edo y Garant\u00eda\"]<\/p>\n<p><strong>Chile:<\/strong> Free shipping in most regions. Same day delivery for purchases up to 11:00 AM in the Greater Santiago area. 24hrs. in Regions. <strong>Rest of the world:<\/strong> FedEx 3-7 days. One-year warranty on the mechanism. Get your refund with online returns! Send your items back within 10 days.[\/cg_accordion]\n[cg_accordion title=\"Gu\u00eda de Tama\u00f1os\"]<\/p>\n<p><a class=\"elementor-popup-link\" data-id=\"63313\">Click here to open the size guide<\/a> [\/cg_accordion]\n","protected":false},"featured_media":53303,"comment_status":"open","ping_status":"closed","template":"","meta":[],"product_brand":[],"product_cat":[1514,1343,1333,1434],"product_tag":[1334,1321,1322],"class_list":{"0":"post-53302","1":"product","2":"type-product","3":"status-publish","4":"has-post-thumbnail","6":"product_cat-best-seller","7":"product_cat-ethnic-watches","8":"product_cat-mens-watches","9":"product_cat-wooden-watches","10":"product_tag-mens-watches","11":"product_tag-watch","12":"product_tag-wooden-clock","14":"first","15":"outofstock","16":"shipping-taxable","17":"purchasable","18":"product-type-simple"},"jetpack_sharing_enabled":true,"_links":{"self":[{"href":"https:\/\/castor-watches.com\/en\/wp-json\/wp\/v2\/product\/53302","targetHints":{"allow":["GET"]}}],"collection":[{"href":"https:\/\/castor-watches.com\/en\/wp-json\/wp\/v2\/product"}],"about":[{"href":"https:\/\/castor-watches.com\/en\/wp-json\/wp\/v2\/types\/product"}],"replies":[{"embeddable":true,"href":"https:\/\/castor-watches.com\/en\/wp-json\/wp\/v2\/comments?post=53302"}],"wp:featuredmedia":[{"embeddable":true,"href":"https:\/\/castor-watches.com\/en\/wp-json\/wp\/v2\/media\/53303"}],"wp:attachment":[{"href":"https:\/\/castor-watches.com\/en\/wp-json\/wp\/v2\/media?parent=53302"}],"wp:term":[{"taxonomy":"product_brand","embeddable":true,"href":"https:\/\/castor-watches.com\/en\/wp-json\/wp\/v2\/product_brand?post=53302"},{"taxonomy":"product_cat","embeddable":true,"href":"https:\/\/castor-watches.com\/en\/wp-json\/wp\/v2\/product_cat?post=53302"},{"taxonomy":"product_tag","embeddable":true,"href":"https:\/\/castor-watches.com\/en\/wp-json\/wp\/v2\/product_tag?post=53302"}],"curies":[{"name":"wp","href":"https:\/\/api.w.org\/{rel}","templated":true}]}}