{"id":57725,"date":"2023-07-24T05:01:27","date_gmt":"2023-07-24T08:01:27","guid":{"rendered":"https:\/\/castor-watches.com\/producto\/correa-ajustable-burdeo-y-beige\/"},"modified":"2024-04-19T05:11:45","modified_gmt":"2024-04-19T08:11:45","slug":"correa-ajustable-burdeo-y-beige","status":"publish","type":"product","link":"https:\/\/castor-watches.com\/en\/producto\/correa-ajustable-burdeo-y-beige\/","title":{"rendered":"CORREA AJUSTABLE BURDEO Y BEIGE"},"content":{"rendered":"","protected":false},"excerpt":{"rendered":"<p>El &#8220;Bar\u00f3n de Borgo\u00f1a&#8221; es la primera correa de una serie de correas de reloj vintage reeditadas exclusivas de los a\u00f1os 1960 y 1970. El acero en el &#8220;Bar\u00f3n de Borgo\u00f1a&#8221; es m\u00e1s grueso y firme que las correas NATO normales. Dado que es f\u00e1cil cambiar una correa NATO en el d\u00eda a d\u00eda, es el accesorio perfecto para combinar tu reloj con diferentes atuendos u ocasiones.<\/p>\n<p>&nbsp;<\/p>\n<p><strong>Informaci\u00f3n t\u00e9cnica:<\/strong><\/p>\n<p>Ancho: 20 mm.<br \/>\nEspesor: 1,2 mm.<br \/>\nLargo: 27 cm incluyendo la hebilla. Se adapta a casi cualquier mu\u00f1eca y es muy f\u00e1cil de acortar y poner.<br \/>\nMaterial: Nylon<br \/>\nHerrajes: Acero inoxidable s\u00f3lido con acabado pulido 100% libre de n\u00edquel.<br \/>\nOtra informaci\u00f3n: La correa tiene 13 orificios sellados con l\u00e1ser para evitar que se deshilachen.<\/p>\n","protected":false},"featured_media":44754,"comment_status":"open","ping_status":"closed","template":"","meta":[],"product_brand":[],"product_cat":[1344,1329],"product_tag":[1327,1431,1432,1330],"class_list":{"0":"post-57725","1":"product","2":"type-product","3":"status-publish","4":"has-post-thumbnail","6":"product_cat-nato-watch-straps","7":"product_cat-watch-straps","8":"product_tag-belts","9":"product_tag-correas-de-genero-en","10":"product_tag-correas-nato-en","11":"product_tag-watch-bands","13":"first","14":"outofstock","15":"shipping-taxable","16":"purchasable","17":"product-type-simple"},"jetpack_sharing_enabled":true,"_links":{"self":[{"href":"https:\/\/castor-watches.com\/en\/wp-json\/wp\/v2\/product\/57725","targetHints":{"allow":["GET"]}}],"collection":[{"href":"https:\/\/castor-watches.com\/en\/wp-json\/wp\/v2\/product"}],"about":[{"href":"https:\/\/castor-watches.com\/en\/wp-json\/wp\/v2\/types\/product"}],"replies":[{"embeddable":true,"href":"https:\/\/castor-watches.com\/en\/wp-json\/wp\/v2\/comments?post=57725"}],"wp:featuredmedia":[{"embeddable":true,"href":"https:\/\/castor-watches.com\/en\/wp-json\/wp\/v2\/media\/44754"}],"wp:attachment":[{"href":"https:\/\/castor-watches.com\/en\/wp-json\/wp\/v2\/media?parent=57725"}],"wp:term":[{"taxonomy":"product_brand","embeddable":true,"href":"https:\/\/castor-watches.com\/en\/wp-json\/wp\/v2\/product_brand?post=57725"},{"taxonomy":"product_cat","embeddable":true,"href":"https:\/\/castor-watches.com\/en\/wp-json\/wp\/v2\/product_cat?post=57725"},{"taxonomy":"product_tag","embeddable":true,"href":"https:\/\/castor-watches.com\/en\/wp-json\/wp\/v2\/product_tag?post=57725"}],"curies":[{"name":"wp","href":"https:\/\/api.w.org\/{rel}","templated":true}]}}