{"id":58161,"date":"2017-03-28T14:36:50","date_gmt":"2023-09-11T08:38:46","guid":{"rendered":"https:\/\/castor-watches.com\/producto\/hain-42mm\/"},"modified":"2024-02-19T21:57:30","modified_gmt":"2024-02-20T00:57:30","slug":"hain-42mm","status":"publish","type":"product","link":"https:\/\/castor-watches.com\/en\/producto\/hain-42mm\/","title":{"rendered":"Hain 42mm"},"content":{"rendered":"\n<div class=\"wp-block-columns are-vertically-aligned-center is-layout-flex wp-container-core-columns-is-layout-28f84493 wp-block-columns-is-layout-flex\">\n<div class=\"wp-block-column is-vertically-aligned-center is-layout-flow wp-block-column-is-layout-flow\">\n<p class=\"title has-text-color\" style=\"color:#deb887\"><strong>PUEBLOS ORIGINARIOS<\/strong><\/p>\n\n\n\n<h2 class=\"wp-block-heading\">UN HOMENAJE A NUESTROS ORIGENES<\/h2>\n\n\n\n<p>La l\u00ednea \u00e9tnica rinde homenaje a los pueblos Mapuche, Diaguita y Selknam. En sus dise\u00f1os evoca los colores, formas y simbolog\u00edas caracter\u00edsticas de estas culturas. Lo hemos hecho cuidando la est\u00e9tica, incorpor\u00e1ndolos en un dise\u00f1o elegante y minimalista.<\/p>\n\n\n\n<figure class=\"wp-block-image alignfull size-large\"><img data-recalc-dims=\"1\" fetchpriority=\"high\" decoding=\"async\" width=\"1024\" height=\"693\" src=\"https:\/\/i0.wp.com\/castor-watches.com\/wp-content\/uploads\/2022\/10\/Castor-linea-etnica-1024x693.jpg?resize=1024%2C693&#038;ssl=1\" alt=\"\" class=\"wp-image-55895\" srcset=\"https:\/\/i0.wp.com\/castor-watches.com\/wp-content\/uploads\/2022\/10\/Castor-linea-etnica.jpg?resize=1024%2C693&amp;ssl=1 1024w, https:\/\/i0.wp.com\/castor-watches.com\/wp-content\/uploads\/2022\/10\/Castor-linea-etnica.jpg?resize=300%2C203&amp;ssl=1 300w, https:\/\/i0.wp.com\/castor-watches.com\/wp-content\/uploads\/2022\/10\/Castor-linea-etnica.jpg?resize=768%2C520&amp;ssl=1 768w, https:\/\/i0.wp.com\/castor-watches.com\/wp-content\/uploads\/2022\/10\/Castor-linea-etnica.jpg?resize=990%2C670&amp;ssl=1 990w, https:\/\/i0.wp.com\/castor-watches.com\/wp-content\/uploads\/2022\/10\/Castor-linea-etnica.jpg?resize=441%2C298&amp;ssl=1 441w, https:\/\/i0.wp.com\/castor-watches.com\/wp-content\/uploads\/2022\/10\/Castor-linea-etnica.jpg?resize=800%2C541&amp;ssl=1 800w, https:\/\/i0.wp.com\/castor-watches.com\/wp-content\/uploads\/2022\/10\/Castor-linea-etnica.jpg?resize=150%2C102&amp;ssl=1 150w, https:\/\/i0.wp.com\/castor-watches.com\/wp-content\/uploads\/2022\/10\/Castor-linea-etnica.jpg?w=1200&amp;ssl=1 1200w\" sizes=\"(max-width: 1024px) 100vw, 1024px\" \/><\/figure>\n\n\n\n<div style=\"height:100px\" aria-hidden=\"true\" class=\"wp-block-spacer\"><\/div>\n\n\n\n<p class=\"title has-text-color\" style=\"color:#deb887\"><strong>MATERIALES NOBLES<\/strong><\/p>\n\n\n\n<h2 class=\"wp-block-heading\">MADERA Y CUERO<\/h2>\n\n\n\n<p>El nuevo dise\u00f1o Hain en 42mm est\u00e1 hecho en materiales nobles. La caja est\u00e1 fabricada con madera de s\u00e1ndalo y el dial con madera de nogal. La correa es de cuero 100% aut\u00e9ntico. El motor es japon\u00e9s Miyota Citizen.<\/p>\n\n\n\n<figure class=\"wp-block-image alignfull size-large\"><img data-recalc-dims=\"1\" decoding=\"async\" width=\"1024\" height=\"1024\" src=\"https:\/\/i0.wp.com\/castor-watches.com\/wp-content\/uploads\/2022\/10\/Reloj-Castor-Hain.jpg?resize=1024%2C1024&#038;ssl=1\" alt=\"\" class=\"wp-image-55928\" srcset=\"https:\/\/i0.wp.com\/castor-watches.com\/wp-content\/uploads\/2022\/10\/Reloj-Castor-Hain.jpg?resize=1024%2C1024&amp;ssl=1 1024w, https:\/\/i0.wp.com\/castor-watches.com\/wp-content\/uploads\/2022\/10\/Reloj-Castor-Hain.jpg?resize=300%2C300&amp;ssl=1 300w, https:\/\/i0.wp.com\/castor-watches.com\/wp-content\/uploads\/2022\/10\/Reloj-Castor-Hain.jpg?resize=150%2C150&amp;ssl=1 150w, https:\/\/i0.wp.com\/castor-watches.com\/wp-content\/uploads\/2022\/10\/Reloj-Castor-Hain.jpg?resize=768%2C769&amp;ssl=1 768w, https:\/\/i0.wp.com\/castor-watches.com\/wp-content\/uploads\/2022\/10\/Reloj-Castor-Hain.jpg?resize=990%2C991&amp;ssl=1 990w, https:\/\/i0.wp.com\/castor-watches.com\/wp-content\/uploads\/2022\/10\/Reloj-Castor-Hain.jpg?resize=441%2C441&amp;ssl=1 441w, https:\/\/i0.wp.com\/castor-watches.com\/wp-content\/uploads\/2022\/10\/Reloj-Castor-Hain.jpg?resize=100%2C100&amp;ssl=1 100w, https:\/\/i0.wp.com\/castor-watches.com\/wp-content\/uploads\/2022\/10\/Reloj-Castor-Hain.jpg?resize=800%2C801&amp;ssl=1 800w, https:\/\/i0.wp.com\/castor-watches.com\/wp-content\/uploads\/2022\/10\/Reloj-Castor-Hain.jpg?w=1400&amp;ssl=1 1400w\" sizes=\"(max-width: 1024px) 100vw, 1024px\" \/><\/figure>\n\n\n\n<div style=\"height:100px\" aria-hidden=\"true\" class=\"wp-block-spacer\"><\/div>\n\n\n\n<p class=\"title has-text-color\" style=\"color:#deb887\"><strong><strong>NO HAY LIMITE<\/strong><\/strong><\/p>\n\n\n\n<h2 class=\"wp-block-heading\">UNISEX<\/h2>\n\n\n\n<p>Los modelos \u00e9tnicos tienen un tama\u00f1o adecuado para cualquier mu\u00f1eca y no son exclusivos para hombre o mujer. Sus colores son neutros y muy combinables.<\/p>\n\n\n\n<figure class=\"wp-block-image alignfull size-large\"><img data-recalc-dims=\"1\" decoding=\"async\" width=\"1024\" height=\"1024\" src=\"https:\/\/i0.wp.com\/castor-watches.com\/wp-content\/uploads\/2022\/10\/P5160638.jpg?resize=1024%2C1024&#038;ssl=1\" alt=\"\" class=\"wp-image-55941\" srcset=\"https:\/\/i0.wp.com\/castor-watches.com\/wp-content\/uploads\/2022\/10\/P5160638.jpg?resize=1024%2C1024&amp;ssl=1 1024w, https:\/\/i0.wp.com\/castor-watches.com\/wp-content\/uploads\/2022\/10\/P5160638.jpg?resize=300%2C300&amp;ssl=1 300w, https:\/\/i0.wp.com\/castor-watches.com\/wp-content\/uploads\/2022\/10\/P5160638.jpg?resize=150%2C150&amp;ssl=1 150w, https:\/\/i0.wp.com\/castor-watches.com\/wp-content\/uploads\/2022\/10\/P5160638.jpg?resize=768%2C768&amp;ssl=1 768w, https:\/\/i0.wp.com\/castor-watches.com\/wp-content\/uploads\/2022\/10\/P5160638.jpg?resize=990%2C990&amp;ssl=1 990w, https:\/\/i0.wp.com\/castor-watches.com\/wp-content\/uploads\/2022\/10\/P5160638.jpg?resize=441%2C441&amp;ssl=1 441w, https:\/\/i0.wp.com\/castor-watches.com\/wp-content\/uploads\/2022\/10\/P5160638.jpg?resize=100%2C100&amp;ssl=1 100w, https:\/\/i0.wp.com\/castor-watches.com\/wp-content\/uploads\/2022\/10\/P5160638.jpg?resize=800%2C800&amp;ssl=1 800w, https:\/\/i0.wp.com\/castor-watches.com\/wp-content\/uploads\/2022\/10\/P5160638.jpg?w=1400&amp;ssl=1 1400w\" sizes=\"(max-width: 1024px) 100vw, 1024px\" \/><figcaption>OLYMPUS DIGITAL CAMERA<\/figcaption><\/figure>\n\n\n\n<div style=\"height:100px\" aria-hidden=\"true\" class=\"wp-block-spacer\"><\/div>\n\n\n\n<script src=\"https:\/\/apps.elfsight.com\/p\/platform.js\" defer=\"\"><\/script>\n<div class=\"elfsight-app-b1eb8483-48a5-4e4a-a68f-2b5311b6d829\"><\/div>\n<\/div>\n<\/div>\n","protected":false},"excerpt":{"rendered":"<p>The CASTOR HAIN ethnic wooden watch pays tribute in its design to the Selknam tribe, from the extreme south of Chile. It is a combination of sandalwood and gender strap that alludes to the initiation rite &#8220;Hain&#8221; performed by this people, including in its dial &#8220;Tanu&#8221;, one of the spirits involved.<\/p>\n<h4>Specifications:<\/h4>\n<ul>\n<li>CASE: Sandalwood<\/li>\n<li>MOVEMENT: Miyota Citizen quartz, Japan<\/li>\n<li>MEASUREMENTS: 42mm<\/li>\n<li>CRYSTAL: Mineral Crystal<\/li>\n<li>STRAP: Dark brown leather<\/li>\n<\/ul>\n<p>&nbsp;<\/p>\n<h4>Shipping:<\/h4>\n<ul>\n<li>CHILE &#8211; FREE &#8211; 48\/72 hrs.<\/li>\n<\/ul>\n","protected":false},"featured_media":55339,"comment_status":"open","ping_status":"closed","template":"","meta":[],"product_brand":[],"product_cat":[1343,1333,1434],"product_tag":[1433],"class_list":{"0":"post-58161","1":"product","2":"type-product","3":"status-publish","4":"has-post-thumbnail","6":"product_cat-ethnic-watches","7":"product_cat-mens-watches","8":"product_cat-wooden-watches","9":"product_tag-hain-en","11":"first","12":"outofstock","13":"shipping-taxable","14":"purchasable","15":"product-type-simple"},"jetpack_sharing_enabled":true,"_links":{"self":[{"href":"https:\/\/castor-watches.com\/en\/wp-json\/wp\/v2\/product\/58161","targetHints":{"allow":["GET"]}}],"collection":[{"href":"https:\/\/castor-watches.com\/en\/wp-json\/wp\/v2\/product"}],"about":[{"href":"https:\/\/castor-watches.com\/en\/wp-json\/wp\/v2\/types\/product"}],"replies":[{"embeddable":true,"href":"https:\/\/castor-watches.com\/en\/wp-json\/wp\/v2\/comments?post=58161"}],"wp:featuredmedia":[{"embeddable":true,"href":"https:\/\/castor-watches.com\/en\/wp-json\/wp\/v2\/media\/55339"}],"wp:attachment":[{"href":"https:\/\/castor-watches.com\/en\/wp-json\/wp\/v2\/media?parent=58161"}],"wp:term":[{"taxonomy":"product_brand","embeddable":true,"href":"https:\/\/castor-watches.com\/en\/wp-json\/wp\/v2\/product_brand?post=58161"},{"taxonomy":"product_cat","embeddable":true,"href":"https:\/\/castor-watches.com\/en\/wp-json\/wp\/v2\/product_cat?post=58161"},{"taxonomy":"product_tag","embeddable":true,"href":"https:\/\/castor-watches.com\/en\/wp-json\/wp\/v2\/product_tag?post=58161"}],"curies":[{"name":"wp","href":"https:\/\/api.w.org\/{rel}","templated":true}]}}