{"id":58162,"date":"2020-06-24T19:05:32","date_gmt":"2023-09-11T08:40:31","guid":{"rendered":"https:\/\/castor-watches.com\/producto\/diaguita-38mm\/"},"modified":"2025-02-22T02:22:49","modified_gmt":"2025-02-22T05:22:49","slug":"diaguita-38mm","status":"publish","type":"product","link":"https:\/\/castor-watches.com\/en\/producto\/diaguita-38mm\/","title":{"rendered":"Diaguita 38mm"},"content":{"rendered":"\n<div class=\"wp-block-columns are-vertically-aligned-center is-layout-flex wp-container-core-columns-is-layout-28f84493 wp-block-columns-is-layout-flex\">\n<div class=\"wp-block-column is-vertically-aligned-center is-layout-flow wp-block-column-is-layout-flow\">\n<p class=\"title has-text-color\" style=\"color:#deb887\"><strong>PUEBLOS ORIGINARIOS<\/strong><\/p>\n\n\n\n<h2 class=\"wp-block-heading\">UN HOMENAJE A NUESTROS ORIGENES<\/h2>\n\n\n\n<p>La l\u00ednea \u00e9tnica rinde homenaje a los pueblos Mapuche, Diaguita y Selknam. En sus dise\u00f1os evoca los colores, formas y simbolog\u00edas caracter\u00edsticas de estas culturas. Lo hemos hecho cuidando la est\u00e9tica, incorpor\u00e1ndolos en un dise\u00f1o elegante y minimalista.<\/p>\n\n\n\n<figure class=\"wp-block-image alignfull size-large\"><img data-recalc-dims=\"1\" fetchpriority=\"high\" decoding=\"async\" width=\"1024\" height=\"1024\" src=\"https:\/\/i0.wp.com\/castor-watches.com\/wp-content\/uploads\/2022\/10\/OI000016-1.jpg?resize=1024%2C1024&#038;ssl=1\" alt=\"\" class=\"wp-image-55870\" srcset=\"https:\/\/i0.wp.com\/castor-watches.com\/wp-content\/uploads\/2022\/10\/OI000016-1.jpg?resize=1024%2C1024&amp;ssl=1 1024w, https:\/\/i0.wp.com\/castor-watches.com\/wp-content\/uploads\/2022\/10\/OI000016-1.jpg?resize=300%2C300&amp;ssl=1 300w, https:\/\/i0.wp.com\/castor-watches.com\/wp-content\/uploads\/2022\/10\/OI000016-1.jpg?resize=150%2C150&amp;ssl=1 150w, https:\/\/i0.wp.com\/castor-watches.com\/wp-content\/uploads\/2022\/10\/OI000016-1.jpg?resize=768%2C768&amp;ssl=1 768w, https:\/\/i0.wp.com\/castor-watches.com\/wp-content\/uploads\/2022\/10\/OI000016-1.jpg?resize=990%2C990&amp;ssl=1 990w, https:\/\/i0.wp.com\/castor-watches.com\/wp-content\/uploads\/2022\/10\/OI000016-1.jpg?resize=441%2C441&amp;ssl=1 441w, https:\/\/i0.wp.com\/castor-watches.com\/wp-content\/uploads\/2022\/10\/OI000016-1.jpg?resize=100%2C100&amp;ssl=1 100w, https:\/\/i0.wp.com\/castor-watches.com\/wp-content\/uploads\/2022\/10\/OI000016-1.jpg?resize=800%2C800&amp;ssl=1 800w, https:\/\/i0.wp.com\/castor-watches.com\/wp-content\/uploads\/2022\/10\/OI000016-1.jpg?w=1400&amp;ssl=1 1400w\" sizes=\"(max-width: 1024px) 100vw, 1024px\" \/><\/figure>\n\n\n\n<div style=\"height:100px\" aria-hidden=\"true\" class=\"wp-block-spacer\"><\/div>\n\n\n\n<p class=\"title has-text-color\" style=\"color:#deb887\"><strong>MINIMALISMO<\/strong><\/p>\n\n\n\n<h2 class=\"wp-block-heading\">DISE\u00d1O ELEGANTE<\/h2>\n\n\n\n<p>El nuevo dise\u00f1o Diaguita en 38mm tiene una caja y correa m\u00e1s delgadas, con terminaciones met\u00e1licas en dorado rosa. El dial est\u00e1 hecho de madera de bamboo, la caja de madera de s\u00e1ndalo y la correa es de cuero natural.<\/p>\n\n\n\n<figure class=\"wp-block-image alignfull size-large\"><img data-recalc-dims=\"1\" decoding=\"async\" width=\"1024\" height=\"1024\" src=\"https:\/\/i0.wp.com\/castor-watches.com\/wp-content\/uploads\/2022\/10\/OI000014.jpg?resize=1024%2C1024&#038;ssl=1\" alt=\"\" class=\"wp-image-55946\" srcset=\"https:\/\/i0.wp.com\/castor-watches.com\/wp-content\/uploads\/2022\/10\/OI000014.jpg?resize=1024%2C1024&amp;ssl=1 1024w, https:\/\/i0.wp.com\/castor-watches.com\/wp-content\/uploads\/2022\/10\/OI000014.jpg?resize=300%2C300&amp;ssl=1 300w, https:\/\/i0.wp.com\/castor-watches.com\/wp-content\/uploads\/2022\/10\/OI000014.jpg?resize=150%2C150&amp;ssl=1 150w, https:\/\/i0.wp.com\/castor-watches.com\/wp-content\/uploads\/2022\/10\/OI000014.jpg?resize=768%2C767&amp;ssl=1 768w, https:\/\/i0.wp.com\/castor-watches.com\/wp-content\/uploads\/2022\/10\/OI000014.jpg?resize=990%2C989&amp;ssl=1 990w, https:\/\/i0.wp.com\/castor-watches.com\/wp-content\/uploads\/2022\/10\/OI000014.jpg?resize=441%2C441&amp;ssl=1 441w, https:\/\/i0.wp.com\/castor-watches.com\/wp-content\/uploads\/2022\/10\/OI000014.jpg?resize=100%2C100&amp;ssl=1 100w, https:\/\/i0.wp.com\/castor-watches.com\/wp-content\/uploads\/2022\/10\/OI000014.jpg?resize=800%2C799&amp;ssl=1 800w, https:\/\/i0.wp.com\/castor-watches.com\/wp-content\/uploads\/2022\/10\/OI000014.jpg?w=1400&amp;ssl=1 1400w\" sizes=\"(max-width: 1024px) 100vw, 1024px\" \/><figcaption class=\"wp-element-caption\">OLYMPUS DIGITAL CAMERA<\/figcaption><\/figure>\n\n\n\n<div style=\"height:100px\" aria-hidden=\"true\" class=\"wp-block-spacer\"><\/div>\n\n\n\n<p class=\"title has-text-color\" style=\"color:#deb887\"><strong><strong>NO HAY LIMITE<\/strong><\/strong><\/p>\n\n\n\n<h2 class=\"wp-block-heading\">UNISEX<\/h2>\n\n\n\n<p>Los modelos \u00e9tnicos tienen un tama\u00f1o adecuado para cualquier mu\u00f1eca y no son exclusivos para hombre o mujer. Sus colores son neutros y muy combinables.<\/p>\n\n\n\n<figure class=\"wp-block-image alignfull size-large\"><img data-recalc-dims=\"1\" decoding=\"async\" width=\"768\" height=\"1024\" src=\"https:\/\/i0.wp.com\/castor-watches.com\/wp-content\/uploads\/2022\/10\/castor-newen-mujer.jpg?resize=768%2C1024&#038;ssl=1\" alt=\"\" class=\"wp-image-55882\" srcset=\"https:\/\/i0.wp.com\/castor-watches.com\/wp-content\/uploads\/2022\/10\/castor-newen-mujer.jpg?resize=768%2C1024&amp;ssl=1 768w, https:\/\/i0.wp.com\/castor-watches.com\/wp-content\/uploads\/2022\/10\/castor-newen-mujer.jpg?resize=225%2C300&amp;ssl=1 225w, https:\/\/i0.wp.com\/castor-watches.com\/wp-content\/uploads\/2022\/10\/castor-newen-mujer.jpg?resize=990%2C1320&amp;ssl=1 990w, https:\/\/i0.wp.com\/castor-watches.com\/wp-content\/uploads\/2022\/10\/castor-newen-mujer.jpg?resize=441%2C588&amp;ssl=1 441w, https:\/\/i0.wp.com\/castor-watches.com\/wp-content\/uploads\/2022\/10\/castor-newen-mujer.jpg?resize=300%2C400&amp;ssl=1 300w, https:\/\/i0.wp.com\/castor-watches.com\/wp-content\/uploads\/2022\/10\/castor-newen-mujer.jpg?resize=800%2C1067&amp;ssl=1 800w, https:\/\/i0.wp.com\/castor-watches.com\/wp-content\/uploads\/2022\/10\/castor-newen-mujer.jpg?resize=150%2C200&amp;ssl=1 150w, https:\/\/i0.wp.com\/castor-watches.com\/wp-content\/uploads\/2022\/10\/castor-newen-mujer.jpg?w=1050&amp;ssl=1 1050w\" sizes=\"(max-width: 768px) 100vw, 768px\" \/><\/figure>\n\n\n\n<div style=\"height:100px\" aria-hidden=\"true\" class=\"wp-block-spacer\"><\/div>\n\n\n\n<div style=\"height:100px\" aria-hidden=\"true\" class=\"wp-block-spacer\"><\/div>\n\n\n\n<h2 class=\"wp-block-heading\">Video 360\u00b0<\/h2>\n\n\n\n<figure class=\"wp-block-embed is-type-video is-provider-youtube wp-block-embed-youtube wp-embed-aspect-16-9 wp-has-aspect-ratio\"><div class=\"wp-block-embed__wrapper\">\n<div class=\"video-container\"><iframe title=\"Castor Diaguita 38MM\" width=\"1170\" height=\"658\" src=\"https:\/\/www.youtube.com\/embed\/w7GrcPwPKC8?feature=oembed\" frameborder=\"0\" allow=\"accelerometer; autoplay; clipboard-write; encrypted-media; gyroscope; picture-in-picture; web-share\" allowfullscreen><\/iframe><\/div>\n<\/div><\/figure>\n<\/div>\n<\/div>\n","protected":false},"excerpt":{"rendered":"<p>The CASTOR DIAGUITA ethnic wooden watch pays tribute in its design to the people of north-central Chile, the Diaguita. It is a combination of bamboo wood and leather strap that reflects the art applied in the craftsmanship of this native ethnic group of our country.<\/p>\n<h4>Specifications:<\/h4>\n<ul>\n<li>CASE: Sandalwood 38 MM<\/li>\n<li>MOVEMENT: Miyota Citizen quartz, Japan<\/li>\n<li>CRYSTAL: Mineral Crystal<\/li>\n<li>STRAP: Leather<\/li>\n<\/ul>\n<p>&nbsp;<\/p>\n<h4>Shipping:<\/h4>\n<ul>\n<li>CHILE &#8211; FREE &#8211; 48\/72 hrs.<\/li>\n<\/ul>\n","protected":false},"featured_media":46929,"comment_status":"open","ping_status":"closed","template":"","meta":[],"product_brand":[],"product_cat":[1343,1333,1323,1434],"product_tag":[1436,1435,1437,1321],"class_list":{"0":"post-58162","1":"product","2":"type-product","3":"status-publish","4":"has-post-thumbnail","6":"product_cat-ethnic-watches","7":"product_cat-mens-watches","8":"product_cat-womens-watches","9":"product_cat-wooden-watches","10":"product_tag-diaguita-en","11":"product_tag-ethnical","12":"product_tag-unisex-en","13":"product_tag-watch","15":"first","16":"outofstock","17":"shipping-taxable","18":"purchasable","19":"product-type-simple"},"jetpack_sharing_enabled":true,"_links":{"self":[{"href":"https:\/\/castor-watches.com\/en\/wp-json\/wp\/v2\/product\/58162","targetHints":{"allow":["GET"]}}],"collection":[{"href":"https:\/\/castor-watches.com\/en\/wp-json\/wp\/v2\/product"}],"about":[{"href":"https:\/\/castor-watches.com\/en\/wp-json\/wp\/v2\/types\/product"}],"replies":[{"embeddable":true,"href":"https:\/\/castor-watches.com\/en\/wp-json\/wp\/v2\/comments?post=58162"}],"wp:featuredmedia":[{"embeddable":true,"href":"https:\/\/castor-watches.com\/en\/wp-json\/wp\/v2\/media\/46929"}],"wp:attachment":[{"href":"https:\/\/castor-watches.com\/en\/wp-json\/wp\/v2\/media?parent=58162"}],"wp:term":[{"taxonomy":"product_brand","embeddable":true,"href":"https:\/\/castor-watches.com\/en\/wp-json\/wp\/v2\/product_brand?post=58162"},{"taxonomy":"product_cat","embeddable":true,"href":"https:\/\/castor-watches.com\/en\/wp-json\/wp\/v2\/product_cat?post=58162"},{"taxonomy":"product_tag","embeddable":true,"href":"https:\/\/castor-watches.com\/en\/wp-json\/wp\/v2\/product_tag?post=58162"}],"curies":[{"name":"wp","href":"https:\/\/api.w.org\/{rel}","templated":true}]}}