{"id":59338,"date":"2024-03-06T00:06:59","date_gmt":"2024-02-22T09:46:13","guid":{"rendered":"https:\/\/castor-watches.com\/producto\/moon-valley\/"},"modified":"2025-11-13T22:57:34","modified_gmt":"2025-11-14T01:57:34","slug":"moon-valley","status":"publish","type":"product","link":"https:\/\/castor-watches.com\/en\/producto\/moon-valley\/","title":{"rendered":"MOON VALLEY | MOONPHASE 40MM MAPLE AND MOTHER-OF-PEARL"},"content":{"rendered":"\n<div class=\"wp-block-columns are-vertically-aligned-center is-layout-flex wp-container-core-columns-is-layout-28f84493 wp-block-columns-is-layout-flex\">\n<div class=\"wp-block-column is-vertically-aligned-center is-layout-flow wp-block-column-is-layout-flow\">\n<p class=\"title has-text-color\" style=\"color:#deb887\"><strong>COLORES Y MODERNIDAD<\/strong><\/p>\n\n\n\n<h2 class=\"wp-block-heading\">DISE\u00d1O MODERNO Y UNISEX<\/h2>\n\n\n\n<p>El Valle de la Luna est\u00e1 pensado como un modelo UNISEX. Su tama\u00f1o de 40MM se ajusta a cualquier mu\u00f1eca. Sus colores y dise\u00f1o casual lo hacen un elemento de vestir que realmente no es exclusivo a ning\u00fan g\u00e9nero. Para una mujer que le gustan los relojes que resaltan, o para un hombre que aprecie el dise\u00f1o.<\/p>\n\n\n\n<figure class=\"wp-block-image alignfull size-large\"><img data-recalc-dims=\"1\" fetchpriority=\"high\" decoding=\"async\" width=\"1024\" height=\"514\" src=\"https:\/\/i0.wp.com\/castor-watches.com\/wp-content\/uploads\/2022\/10\/Castor-Valle-de-la-luna-unisex.jpg?resize=1024%2C514&#038;ssl=1\" alt=\"\" class=\"wp-image-55766\" srcset=\"https:\/\/i0.wp.com\/castor-watches.com\/wp-content\/uploads\/2022\/10\/Castor-Valle-de-la-luna-unisex.jpg?resize=1024%2C514&amp;ssl=1 1024w, https:\/\/i0.wp.com\/castor-watches.com\/wp-content\/uploads\/2022\/10\/Castor-Valle-de-la-luna-unisex.jpg?resize=300%2C151&amp;ssl=1 300w, https:\/\/i0.wp.com\/castor-watches.com\/wp-content\/uploads\/2022\/10\/Castor-Valle-de-la-luna-unisex.jpg?resize=768%2C385&amp;ssl=1 768w, https:\/\/i0.wp.com\/castor-watches.com\/wp-content\/uploads\/2022\/10\/Castor-Valle-de-la-luna-unisex.jpg?resize=990%2C497&amp;ssl=1 990w, https:\/\/i0.wp.com\/castor-watches.com\/wp-content\/uploads\/2022\/10\/Castor-Valle-de-la-luna-unisex.jpg?resize=441%2C221&amp;ssl=1 441w, https:\/\/i0.wp.com\/castor-watches.com\/wp-content\/uploads\/2022\/10\/Castor-Valle-de-la-luna-unisex.jpg?resize=800%2C401&amp;ssl=1 800w, https:\/\/i0.wp.com\/castor-watches.com\/wp-content\/uploads\/2022\/10\/Castor-Valle-de-la-luna-unisex.jpg?resize=150%2C75&amp;ssl=1 150w, https:\/\/i0.wp.com\/castor-watches.com\/wp-content\/uploads\/2022\/10\/Castor-Valle-de-la-luna-unisex.jpg?w=1200&amp;ssl=1 1200w\" sizes=\"(max-width: 1024px) 100vw, 1024px\" \/><\/figure>\n\n\n\n<div style=\"height:100px\" aria-hidden=\"true\" class=\"wp-block-spacer\"><\/div>\n\n\n\n<p class=\"title has-text-color\" style=\"color:#deb887\"><strong><strong>ACERO INOXIDABLE, MADERA Y N\u00c1CAR<\/strong><\/strong><\/p>\n\n\n\n<h2 class=\"wp-block-heading\">MATERIALES INNOVADORES<\/h2>\n\n\n\n<p>El Valle de la Luna tiene madera de arce en su dial, en combinaci\u00f3n con el sector blanco hecho en n\u00e1car o &#8220;madre perla&#8221;. Esto le otorga reflejos y texturas que var\u00edan seg\u00fan la luz. Su caja es de acero inoxidable pulido, con una forma redondeada que evoca a los relojes cl\u00e1sicos. Su correa es de cuero nobuk hecha a mano en Espa\u00f1a.<\/p>\n\n\n\n<figure class=\"wp-block-image alignfull size-large\"><img data-recalc-dims=\"1\" decoding=\"async\" width=\"1024\" height=\"1024\" src=\"https:\/\/i0.wp.com\/castor-watches.com\/wp-content\/uploads\/2022\/10\/Castor-Valle-de-la-luna-EDIT-1024x1024.jpg?resize=1024%2C1024&#038;ssl=1\" alt=\"\" class=\"wp-image-55769\" srcset=\"https:\/\/i0.wp.com\/castor-watches.com\/wp-content\/uploads\/2022\/10\/Castor-Valle-de-la-luna-EDIT.jpg?resize=1024%2C1024&amp;ssl=1 1024w, https:\/\/i0.wp.com\/castor-watches.com\/wp-content\/uploads\/2022\/10\/Castor-Valle-de-la-luna-EDIT.jpg?resize=300%2C300&amp;ssl=1 300w, https:\/\/i0.wp.com\/castor-watches.com\/wp-content\/uploads\/2022\/10\/Castor-Valle-de-la-luna-EDIT.jpg?resize=150%2C150&amp;ssl=1 150w, https:\/\/i0.wp.com\/castor-watches.com\/wp-content\/uploads\/2022\/10\/Castor-Valle-de-la-luna-EDIT.jpg?resize=768%2C768&amp;ssl=1 768w, https:\/\/i0.wp.com\/castor-watches.com\/wp-content\/uploads\/2022\/10\/Castor-Valle-de-la-luna-EDIT.jpg?resize=990%2C990&amp;ssl=1 990w, https:\/\/i0.wp.com\/castor-watches.com\/wp-content\/uploads\/2022\/10\/Castor-Valle-de-la-luna-EDIT.jpg?resize=441%2C441&amp;ssl=1 441w, https:\/\/i0.wp.com\/castor-watches.com\/wp-content\/uploads\/2022\/10\/Castor-Valle-de-la-luna-EDIT.jpg?resize=100%2C100&amp;ssl=1 100w, https:\/\/i0.wp.com\/castor-watches.com\/wp-content\/uploads\/2022\/10\/Castor-Valle-de-la-luna-EDIT.jpg?resize=800%2C800&amp;ssl=1 800w, https:\/\/i0.wp.com\/castor-watches.com\/wp-content\/uploads\/2022\/10\/Castor-Valle-de-la-luna-EDIT.jpg?w=1400&amp;ssl=1 1400w\" sizes=\"(max-width: 1024px) 100vw, 1024px\" \/><\/figure>\n\n\n\n<div style=\"height:100px\" aria-hidden=\"true\" class=\"wp-block-spacer\"><\/div>\n\n\n\n<p class=\"title has-text-color\" style=\"color:#deb887\"><strong><strong>CICLO LUNAR<\/strong><\/strong><\/p>\n\n\n\n<h2 class=\"wp-block-heading\">MECANISMO MIYOTA &#8220;MOONPHASE&#8221;<\/h2>\n\n\n\n<p>En su funcionalidad utiliza un mecanismo japon\u00e9s Miyota Citizen &#8220;Moonphase&#8221;, donde podr\u00e1s saber en qu\u00e9 parte del ciclo de 28 d\u00edas est\u00e1 la luna y poder admirarla claro est\u00e1, cuando est\u00e9 llena.<\/p>\n\n\n\n<figure class=\"wp-block-image alignfull size-large\"><img data-recalc-dims=\"1\" decoding=\"async\" width=\"1024\" height=\"1024\" src=\"https:\/\/i0.wp.com\/castor-watches.com\/wp-content\/uploads\/2022\/10\/Castor-Valle-de-la-luna-moon.jpg?resize=1024%2C1024&#038;ssl=1\" alt=\"\" class=\"wp-image-55772\" srcset=\"https:\/\/i0.wp.com\/castor-watches.com\/wp-content\/uploads\/2022\/10\/Castor-Valle-de-la-luna-moon.jpg?resize=1024%2C1024&amp;ssl=1 1024w, https:\/\/i0.wp.com\/castor-watches.com\/wp-content\/uploads\/2022\/10\/Castor-Valle-de-la-luna-moon.jpg?resize=300%2C300&amp;ssl=1 300w, https:\/\/i0.wp.com\/castor-watches.com\/wp-content\/uploads\/2022\/10\/Castor-Valle-de-la-luna-moon.jpg?resize=150%2C150&amp;ssl=1 150w, https:\/\/i0.wp.com\/castor-watches.com\/wp-content\/uploads\/2022\/10\/Castor-Valle-de-la-luna-moon.jpg?resize=768%2C768&amp;ssl=1 768w, https:\/\/i0.wp.com\/castor-watches.com\/wp-content\/uploads\/2022\/10\/Castor-Valle-de-la-luna-moon.jpg?resize=990%2C990&amp;ssl=1 990w, https:\/\/i0.wp.com\/castor-watches.com\/wp-content\/uploads\/2022\/10\/Castor-Valle-de-la-luna-moon.jpg?resize=441%2C441&amp;ssl=1 441w, https:\/\/i0.wp.com\/castor-watches.com\/wp-content\/uploads\/2022\/10\/Castor-Valle-de-la-luna-moon.jpg?resize=100%2C100&amp;ssl=1 100w, https:\/\/i0.wp.com\/castor-watches.com\/wp-content\/uploads\/2022\/10\/Castor-Valle-de-la-luna-moon.jpg?resize=800%2C800&amp;ssl=1 800w, https:\/\/i0.wp.com\/castor-watches.com\/wp-content\/uploads\/2022\/10\/Castor-Valle-de-la-luna-moon.jpg?w=1400&amp;ssl=1 1400w\" sizes=\"(max-width: 1024px) 100vw, 1024px\" \/><\/figure>\n\n\n\n<div style=\"height:100px\" aria-hidden=\"true\" class=\"wp-block-spacer\"><\/div>\n\n\n\n<h2 class=\"wp-block-heading\">Video 360\u00b0<\/h2>\n\n\n\n<figure class=\"wp-block-embed is-type-video is-provider-youtube wp-block-embed-youtube wp-embed-aspect-16-9 wp-has-aspect-ratio\"><div class=\"wp-block-embed__wrapper\">\n<div class=\"video-container\"><iframe title=\"Vista 360\u00b0 Castor Valle de la Luna\" width=\"1170\" height=\"658\" src=\"https:\/\/www.youtube.com\/embed\/9wK0LGkkJ6k?feature=oembed\" frameborder=\"0\" allow=\"accelerometer; autoplay; clipboard-write; encrypted-media; gyroscope; picture-in-picture; web-share\" allowfullscreen><\/iframe><\/div>\n<\/div><\/figure>\n<\/div>\n<\/div>\n\n\n\n<div style=\"height:60px\" aria-hidden=\"true\" class=\"wp-block-spacer\"><\/div>\n\n\n\t\t<div data-elementor-type=\"section\" data-elementor-id=\"63113\" class=\"elementor elementor-63113\" data-elementor-post-type=\"elementor_library\">\n\t\t\t\t\t<section class=\"elementor-section elementor-top-section elementor-element elementor-element-1a9b3056 elementor-section-boxed elementor-section-height-default elementor-section-height-default\" data-id=\"1a9b3056\" data-element_type=\"section\" data-e-type=\"section\">\n\t\t\t\t\t\t<div class=\"elementor-container elementor-column-gap-default\">\n\t\t\t\t\t<div class=\"elementor-column elementor-col-100 elementor-top-column elementor-element elementor-element-400b4430\" data-id=\"400b4430\" data-element_type=\"column\" data-e-type=\"column\">\n\t\t\t<div class=\"elementor-widget-wrap elementor-element-populated\">\n\t\t\t\t\t\t<div class=\"elementor-element elementor-element-71b73c8b elementor-widget elementor-widget-heading\" data-id=\"71b73c8b\" data-element_type=\"widget\" data-e-type=\"widget\" data-widget_type=\"heading.default\">\n\t\t\t\t\t<h2 class=\"elementor-heading-title elementor-size-default\">valle de la luna en Instagram<\/h2>\t\t\t\t<\/div>\n\t\t\t\t\t<\/div>\n\t\t<\/div>\n\t\t\t\t\t<\/div>\n\t\t<\/section>\n\t\t\t\t<section class=\"elementor-section elementor-top-section elementor-element elementor-element-3304e9e0 elementor-section-boxed elementor-section-height-default elementor-section-height-default\" data-id=\"3304e9e0\" data-element_type=\"section\" data-e-type=\"section\">\n\t\t\t\t\t\t<div class=\"elementor-container elementor-column-gap-default\">\n\t\t\t\t\t<div class=\"elementor-column elementor-col-100 elementor-top-column elementor-element elementor-element-148c1391\" data-id=\"148c1391\" data-element_type=\"column\" data-e-type=\"column\">\n\t\t\t<div class=\"elementor-widget-wrap elementor-element-populated\">\n\t\t\t\t\t\t<div class=\"elementor-element elementor-element-4e5fdde4 elementor-widget elementor-widget-text-editor\" data-id=\"4e5fdde4\" data-element_type=\"widget\" data-e-type=\"widget\" data-widget_type=\"text-editor.default\">\n\t\t\t\t\t\t\t\t\t<div class=\"instagram-follow-container\">\n<div class=\"instagram-follow-button\"><a href=\"https:\/\/www.instagram.com\/castorwatches\/\" target=\"_blank\" rel=\"noopener\">\n<img decoding=\"async\" class=\"instagram-logo\" src=\"https:\/\/upload.wikimedia.org\/wikipedia\/commons\/a\/a5\/Instagram_icon.png\" alt=\"Instagram\" \/>\nSeguir\n<\/a><\/div>\n<\/div>\t\t\t\t\t\t\t\t<\/div>\n\t\t\t\t\t<\/div>\n\t\t<\/div>\n\t\t\t\t\t<\/div>\n\t\t<\/section>\n\t\t\t\t<section class=\"elementor-section elementor-top-section elementor-element elementor-element-32e3b987 elementor-section-boxed elementor-section-height-default elementor-section-height-default\" data-id=\"32e3b987\" data-element_type=\"section\" data-e-type=\"section\">\n\t\t\t\t\t\t<div class=\"elementor-container elementor-column-gap-default\">\n\t\t\t\t\t<div class=\"elementor-column elementor-col-100 elementor-top-column elementor-element elementor-element-65307c4e\" data-id=\"65307c4e\" data-element_type=\"column\" data-e-type=\"column\">\n\t\t\t<div class=\"elementor-widget-wrap elementor-element-populated\">\n\t\t\t\t\t\t<div class=\"elementor-element elementor-element-62bcecae elementor-widget elementor-widget-shortcode\" data-id=\"62bcecae\" data-element_type=\"widget\" data-e-type=\"widget\" data-widget_type=\"shortcode.default\">\n\t\t\t\t\t\t\t<div class=\"elementor-shortcode\">No se encontraron publicaciones.<\/div>\n\t\t\t\t\t\t<\/div>\n\t\t\t\t<div class=\"elementor-element elementor-element-5f48d1a elementor-widget elementor-widget-spacer\" data-id=\"5f48d1a\" data-element_type=\"widget\" data-e-type=\"widget\" data-widget_type=\"spacer.default\">\n\t\t\t\t\t\t\t<div class=\"elementor-spacer\">\n\t\t\t<div class=\"elementor-spacer-inner\"><\/div>\n\t\t<\/div>\n\t\t\t\t\t\t<\/div>\n\t\t\t\t\t<\/div>\n\t\t<\/div>\n\t\t\t\t\t<\/div>\n\t\t<\/section>\n\t\t\t\t<\/div>\n\t\t\n","protected":false},"excerpt":{"rendered":"<h4>Moonphase mechanism with a complex maple and mother-of-pearl dial.<\/h4>\n<h6><span style=\"color: #999999;\"><span style=\"color: #60b358;\"><i class=\"fa\">\uf00c  <\/i><\/span><\/span><span style=\"color: #999999;\">Stainless Steel  <\/span><span style=\"color: #999999;\"><span style=\"color: #60b358;\"><i class=\"fa\">\uf00c  <\/i><\/span><\/span><span style=\"color: #999999;\">Maple wood and mother-of-pearl  <\/span><span style=\"color: #999999;\"><span style=\"color: #60b358;\"><i class=\"fa\">\uf00c  <\/i><\/span><\/span><span style=\"color: #999999;\">Water Resistant 30Mts  <\/span><span style=\"color: #999999;\"><span style=\"color: #60b358;\"><i class=\"fa\">\uf00c  <\/i><\/span><\/span><span style=\"color: #999999;\">Japanese Miyota Citizen movement <\/span><span style=\"color: #999999;\"><span style=\"color: #60b358;\"><i class=\"fa\">\uf00c  <\/i><\/span><\/span><span style=\"color: #999999;\">Moonphase function  <\/span><span style=\"color: #999999;\"><span style=\"color: #60b358;\"><i class=\"fa\">\uf00c  <\/i><\/span><\/span><span style=\"color: #999999;\">Leather Strap<\/span><\/h6>\n<p>&nbsp;<\/p>\n[cg_accordion title=\"Descripci\u00f3n\"]<\/p>\n<p><!-- wp:paragraph --><\/p>\n<p><!-- \/wp:paragraph --><\/p>\n<p><!-- wp:paragraph --><\/p>\n<p>In this watch we pay tribute to the north of Chile, specifically to the Moon Valley . In its functionality it comes with a Miyota Citizen &#8220;Moonphase&#8221; movement, where you will be able to know where the moon is in the 28-day cycle and admire it when it is full. In its design we wanted to represent the alternative feel of San Pedro de Atacama, with a half white mother-of-pearl dial that plays with the sun&#8217;s reflections and half maple wood, along with a rustic style nubuck leather strap with white stitching. In its size we made it unisex, with a 40MM stainless steel case with bright polishing and an &#8220;onion&#8221; style crown that together with the domed crystal, give it a classic touch.<\/p>\n<p>[\/cg_accordion]\n[cg_accordion title=\"Especificaciones\"]\n<ul>\n<li><strong>Movement:<\/strong> Quartz, Miyota Citizen 6P00 Moonphase function (indicates the moon phase in a 28-day cycle), Japan<\/li>\n<li><strong>Water resistant:<\/strong> 30 meters<\/li>\n<li><strong>Crystal:<\/strong> Concave mineral<\/li>\n<li><strong>Case Material:<\/strong> 316L Stainless Steel<\/li>\n<li><strong>Case diameter:<\/strong> 40mm<\/li>\n<li><strong>Height of the box:<\/strong> 12mm<\/li>\n<li><strong>Case finish:<\/strong> Polished<\/li>\n<li><strong>Dial:<\/strong> Mother-of-pearl and maple wood<\/li>\n<li><strong>Strap size:<\/strong> Width 20mm. Length with watch 24cm.<\/li>\n<li><strong>Strap Material: <\/strong>Brown nubuck natural leather and anti-allergenic lining[\/cg_accordion]<\/li>\n<\/ul>\n[cg_accordion title=\"Env\u00edo y Garant\u00eda\"]<\/p>\n<p>Worldwide FedEx Shipping 3-7 days. Chile: Free shipping in most regions. Same day delivery for purchases up to 11:00 AM in the Greater Santiago area. 24hrs. in Regions. Two-year warranty on the mechanism. Get your refund with online returns! Send your items back within 10 days.[\/cg_accordion]\n[cg_accordion title=\"Gu\u00eda de Tama\u00f1os\"]<\/p>\n<p><a class=\"elementor-popup-link\" data-id=\"63313\">Click here to open the size guide<\/a> [\/cg_accordion]\n","protected":false},"featured_media":69755,"comment_status":"open","ping_status":"closed","template":"","meta":[],"product_brand":[],"product_cat":[213,1482,1504,214,1385],"product_tag":[256,1412,257],"class_list":{"0":"post-59338","1":"product","2":"type-product","3":"status-publish","4":"has-post-thumbnail","6":"product_cat-relojes-de-hombre","7":"product_cat-mas-vendidos","8":"product_cat-relojes","9":"product_cat-relojes-de-mujer","10":"product_cat-relojes-madera-y-metal","11":"product_tag-relojes-de-hombre","12":"product_tag-relojes-premium","13":"product_tag-relojes-de-madera-y-metal","15":"first","16":"instock","17":"shipping-taxable","18":"purchasable","19":"product-type-simple"},"jetpack_sharing_enabled":true,"_links":{"self":[{"href":"https:\/\/castor-watches.com\/en\/wp-json\/wp\/v2\/product\/59338","targetHints":{"allow":["GET"]}}],"collection":[{"href":"https:\/\/castor-watches.com\/en\/wp-json\/wp\/v2\/product"}],"about":[{"href":"https:\/\/castor-watches.com\/en\/wp-json\/wp\/v2\/types\/product"}],"replies":[{"embeddable":true,"href":"https:\/\/castor-watches.com\/en\/wp-json\/wp\/v2\/comments?post=59338"}],"wp:featuredmedia":[{"embeddable":true,"href":"https:\/\/castor-watches.com\/en\/wp-json\/wp\/v2\/media\/69755"}],"wp:attachment":[{"href":"https:\/\/castor-watches.com\/en\/wp-json\/wp\/v2\/media?parent=59338"}],"wp:term":[{"taxonomy":"product_brand","embeddable":true,"href":"https:\/\/castor-watches.com\/en\/wp-json\/wp\/v2\/product_brand?post=59338"},{"taxonomy":"product_cat","embeddable":true,"href":"https:\/\/castor-watches.com\/en\/wp-json\/wp\/v2\/product_cat?post=59338"},{"taxonomy":"product_tag","embeddable":true,"href":"https:\/\/castor-watches.com\/en\/wp-json\/wp\/v2\/product_tag?post=59338"}],"curies":[{"name":"wp","href":"https:\/\/api.w.org\/{rel}","templated":true}]}}