{"id":62118,"date":"2024-08-09T15:15:45","date_gmt":"2024-08-09T18:15:45","guid":{"rendered":"https:\/\/castor-watches.com\/?post_type=product&#038;p=62118"},"modified":"2025-06-19T10:26:52","modified_gmt":"2025-06-19T14:26:52","slug":"andes","status":"publish","type":"product","link":"https:\/\/castor-watches.com\/en\/producto\/andes\/","title":{"rendered":"ANDES CER\u00c1MICO | 42MM"},"content":{"rendered":"","protected":false},"excerpt":{"rendered":"<h6><span style=\"color: #999999;\">Cer\u00e1mica | Acero Inoxidable | Madera de Arce | Resistente al Agua 30Mts | Mecanismo Japon\u00e9s Miyota Citizen | Correa de Cuero<\/span><\/h6>\n<h4><span style=\"color: #333333;\">Innovaci\u00f3n en materiales, minimalismo en dise\u00f1o.<\/span><\/h4>\n<p>El Castor Andes es un reloj cer\u00e1mico que rinde tributo a nuestra cordillera. Con los colores blancos de la nieve en la monta\u00f1a, el celeste del cielo y la madera de nuestro bosque que hacen del dise\u00f1o de este reloj una pieza \u00fanica en su estilo.<\/p>\n<h4>Especificaciones:<\/h4>\n<ul>\n<li>CAJA: Cer\u00e1mica<\/li>\n<li>CRISTAL: Mineral c\u00f3ncavo<\/li>\n<li>MOTOR: Miyota Cuarzo, Jap\u00f3n<\/li>\n<li>AGUJAS:\u00a0Luminosas (brillan en la oscuridad)<\/li>\n<li>Di\u00c1METRO: 42 mm<\/li>\n<li>GROSOR: 9mm<\/li>\n<li>RESISTENTE AL AGUA: 3\u00a0ATM \u2013 Ba\u00f1o de corta duraci\u00f3n, zambullida desde la orilla. Ning\u00fan tipo de inmersi\u00f3n.<\/li>\n<li>CORREAS: Correa de Cuero espa\u00f1ol, color caf\u00e9 opaco y forro Nobuck Antialerg\u00e9nico.<\/li>\n<\/ul>\n<p>&nbsp;<\/p>\n<h4>Despacho:<\/h4>\n<ul>\n<li>CHILE \u2013 GRATIS \u2013 24\/48 hrs (Excepto zonas extremas)<\/li>\n<li>EUROPA\u00a0\u2013\u00a0GRATIS \u2013 3\/5 d\u00edas<\/li>\n<\/ul>\n","protected":false},"featured_media":24416,"comment_status":"open","ping_status":"closed","template":"","meta":[],"product_brand":[],"product_cat":[1514,1333,1323],"product_tag":[1483,1321,1334,1324,1420],"class_list":{"0":"post-62118","1":"product","2":"type-product","3":"status-publish","4":"has-post-thumbnail","6":"product_cat-best-seller","7":"product_cat-mens-watches","8":"product_cat-womens-watches","9":"product_tag-ceramica","10":"product_tag-watch","11":"product_tag-mens-watches","12":"product_tag-womens-watches","13":"product_tag-premium-watches","15":"first","16":"outofstock","17":"sale","18":"shipping-taxable","19":"purchasable","20":"product-type-simple"},"jetpack_sharing_enabled":true,"_links":{"self":[{"href":"https:\/\/castor-watches.com\/en\/wp-json\/wp\/v2\/product\/62118","targetHints":{"allow":["GET"]}}],"collection":[{"href":"https:\/\/castor-watches.com\/en\/wp-json\/wp\/v2\/product"}],"about":[{"href":"https:\/\/castor-watches.com\/en\/wp-json\/wp\/v2\/types\/product"}],"replies":[{"embeddable":true,"href":"https:\/\/castor-watches.com\/en\/wp-json\/wp\/v2\/comments?post=62118"}],"wp:featuredmedia":[{"embeddable":true,"href":"https:\/\/castor-watches.com\/en\/wp-json\/wp\/v2\/media\/24416"}],"wp:attachment":[{"href":"https:\/\/castor-watches.com\/en\/wp-json\/wp\/v2\/media?parent=62118"}],"wp:term":[{"taxonomy":"product_brand","embeddable":true,"href":"https:\/\/castor-watches.com\/en\/wp-json\/wp\/v2\/product_brand?post=62118"},{"taxonomy":"product_cat","embeddable":true,"href":"https:\/\/castor-watches.com\/en\/wp-json\/wp\/v2\/product_cat?post=62118"},{"taxonomy":"product_tag","embeddable":true,"href":"https:\/\/castor-watches.com\/en\/wp-json\/wp\/v2\/product_tag?post=62118"}],"curies":[{"name":"wp","href":"https:\/\/api.w.org\/{rel}","templated":true}]}}