{"id":63077,"date":"2024-09-03T20:32:19","date_gmt":"2024-09-04T00:32:19","guid":{"rendered":"https:\/\/castor-watches.com\/?post_type=product&#038;p=63077"},"modified":"2024-12-09T13:13:34","modified_gmt":"2024-12-09T16:13:34","slug":"luz","status":"publish","type":"product","link":"https:\/\/castor-watches.com\/en\/producto\/luz\/","title":{"rendered":"Luz"},"content":{"rendered":"\n<div class=\"wp-block-columns are-vertically-aligned-center is-layout-flex wp-container-core-columns-is-layout-28f84493 wp-block-columns-is-layout-flex\">\n<div class=\"wp-block-column is-vertically-aligned-center is-layout-flow wp-block-column-is-layout-flow\">\n<p class=\"title has-text-color\" style=\"color:#deb887\"><strong>DISE\u00d1O ACTUAL<\/strong><\/p>\n\n\n\n<h2 class=\"wp-block-heading\">MINIMALISTA Y ALEGRE<\/h2>\n\n\n\n<p>El Luz Indie es un modelo muy minimalista y a su vez alegre, con el color blanco que resalta y a su vez combina con la vestimenta.<\/p>\n\n\n\n<figure class=\"wp-block-image alignfull size-large\"><img data-recalc-dims=\"1\" fetchpriority=\"high\" decoding=\"async\" width=\"1024\" height=\"1024\" src=\"https:\/\/i0.wp.com\/castor-watches.com\/wp-content\/uploads\/2022\/10\/Castor-Luz-A.jpg?resize=1024%2C1024&#038;ssl=1\" alt=\"\" class=\"wp-image-55982\" srcset=\"https:\/\/i0.wp.com\/castor-watches.com\/wp-content\/uploads\/2022\/10\/Castor-Luz-A.jpg?resize=1024%2C1024&amp;ssl=1 1024w, https:\/\/i0.wp.com\/castor-watches.com\/wp-content\/uploads\/2022\/10\/Castor-Luz-A.jpg?resize=300%2C300&amp;ssl=1 300w, https:\/\/i0.wp.com\/castor-watches.com\/wp-content\/uploads\/2022\/10\/Castor-Luz-A.jpg?resize=150%2C150&amp;ssl=1 150w, https:\/\/i0.wp.com\/castor-watches.com\/wp-content\/uploads\/2022\/10\/Castor-Luz-A.jpg?resize=768%2C768&amp;ssl=1 768w, https:\/\/i0.wp.com\/castor-watches.com\/wp-content\/uploads\/2022\/10\/Castor-Luz-A.jpg?resize=990%2C990&amp;ssl=1 990w, https:\/\/i0.wp.com\/castor-watches.com\/wp-content\/uploads\/2022\/10\/Castor-Luz-A.jpg?resize=441%2C441&amp;ssl=1 441w, https:\/\/i0.wp.com\/castor-watches.com\/wp-content\/uploads\/2022\/10\/Castor-Luz-A.jpg?resize=100%2C100&amp;ssl=1 100w, https:\/\/i0.wp.com\/castor-watches.com\/wp-content\/uploads\/2022\/10\/Castor-Luz-A.jpg?resize=800%2C800&amp;ssl=1 800w, https:\/\/i0.wp.com\/castor-watches.com\/wp-content\/uploads\/2022\/10\/Castor-Luz-A.jpg?w=1400&amp;ssl=1 1400w\" sizes=\"(max-width: 1024px) 100vw, 1024px\" \/><\/figure>\n\n\n\n<div style=\"height:100px\" aria-hidden=\"true\" class=\"wp-block-spacer\"><\/div>\n\n\n\n<p class=\"title has-text-color\" style=\"color:#deb887\"><strong>MATERIALES NOBLES<\/strong><\/p>\n\n\n\n<h2 class=\"wp-block-heading\">MADERA Y CUERO<\/h2>\n\n\n\n<p>Est\u00e1 fabricado en materiales nobles. Su caja de 36mm est\u00e1 hecha de madera de bamboo y su correa es de cuero 100% natural.<\/p>\n\n\n\n<figure class=\"wp-block-image alignfull size-large\"><img data-recalc-dims=\"1\" decoding=\"async\" width=\"1024\" height=\"1024\" src=\"https:\/\/i0.wp.com\/castor-watches.com\/wp-content\/uploads\/2022\/10\/Castor-Luz-B.jpg?resize=1024%2C1024&#038;ssl=1\" alt=\"\" class=\"wp-image-55985\" srcset=\"https:\/\/i0.wp.com\/castor-watches.com\/wp-content\/uploads\/2022\/10\/Castor-Luz-B.jpg?resize=1024%2C1024&amp;ssl=1 1024w, https:\/\/i0.wp.com\/castor-watches.com\/wp-content\/uploads\/2022\/10\/Castor-Luz-B.jpg?resize=300%2C300&amp;ssl=1 300w, https:\/\/i0.wp.com\/castor-watches.com\/wp-content\/uploads\/2022\/10\/Castor-Luz-B.jpg?resize=150%2C150&amp;ssl=1 150w, https:\/\/i0.wp.com\/castor-watches.com\/wp-content\/uploads\/2022\/10\/Castor-Luz-B.jpg?resize=768%2C768&amp;ssl=1 768w, https:\/\/i0.wp.com\/castor-watches.com\/wp-content\/uploads\/2022\/10\/Castor-Luz-B.jpg?resize=990%2C990&amp;ssl=1 990w, https:\/\/i0.wp.com\/castor-watches.com\/wp-content\/uploads\/2022\/10\/Castor-Luz-B.jpg?resize=441%2C441&amp;ssl=1 441w, https:\/\/i0.wp.com\/castor-watches.com\/wp-content\/uploads\/2022\/10\/Castor-Luz-B.jpg?resize=100%2C100&amp;ssl=1 100w, https:\/\/i0.wp.com\/castor-watches.com\/wp-content\/uploads\/2022\/10\/Castor-Luz-B.jpg?resize=800%2C800&amp;ssl=1 800w, https:\/\/i0.wp.com\/castor-watches.com\/wp-content\/uploads\/2022\/10\/Castor-Luz-B.jpg?w=1400&amp;ssl=1 1400w\" sizes=\"(max-width: 1024px) 100vw, 1024px\" \/><\/figure>\n\n\n\n<div style=\"height:100px\" aria-hidden=\"true\" class=\"wp-block-spacer\"><\/div>\n\n\n\n<p class=\"title has-text-color\" style=\"color:#deb887\"><strong><strong>JUVENIL<\/strong><\/strong><\/p>\n\n\n\n<h2 class=\"wp-block-heading\">UN VESTIR ACTUAL<\/h2>\n\n\n\n<p>Lo elegante puede ser tambi\u00e9n innovador y llamativo. El Castor Luz resalta, pero mantiene la sobriedad.<\/p>\n\n\n\n<figure class=\"wp-block-image alignfull size-large\"><img data-recalc-dims=\"1\" decoding=\"async\" width=\"1024\" height=\"1024\" src=\"https:\/\/i0.wp.com\/castor-watches.com\/wp-content\/uploads\/2022\/10\/Luz-Indie-1.jpg?resize=1024%2C1024&#038;ssl=1\" alt=\"\" class=\"wp-image-55988\" srcset=\"https:\/\/i0.wp.com\/castor-watches.com\/wp-content\/uploads\/2022\/10\/Luz-Indie-1.jpg?resize=1024%2C1024&amp;ssl=1 1024w, https:\/\/i0.wp.com\/castor-watches.com\/wp-content\/uploads\/2022\/10\/Luz-Indie-1.jpg?resize=300%2C300&amp;ssl=1 300w, https:\/\/i0.wp.com\/castor-watches.com\/wp-content\/uploads\/2022\/10\/Luz-Indie-1.jpg?resize=150%2C150&amp;ssl=1 150w, https:\/\/i0.wp.com\/castor-watches.com\/wp-content\/uploads\/2022\/10\/Luz-Indie-1.jpg?resize=768%2C768&amp;ssl=1 768w, https:\/\/i0.wp.com\/castor-watches.com\/wp-content\/uploads\/2022\/10\/Luz-Indie-1.jpg?resize=990%2C990&amp;ssl=1 990w, https:\/\/i0.wp.com\/castor-watches.com\/wp-content\/uploads\/2022\/10\/Luz-Indie-1.jpg?resize=441%2C441&amp;ssl=1 441w, https:\/\/i0.wp.com\/castor-watches.com\/wp-content\/uploads\/2022\/10\/Luz-Indie-1.jpg?resize=100%2C100&amp;ssl=1 100w, https:\/\/i0.wp.com\/castor-watches.com\/wp-content\/uploads\/2022\/10\/Luz-Indie-1.jpg?resize=800%2C800&amp;ssl=1 800w, https:\/\/i0.wp.com\/castor-watches.com\/wp-content\/uploads\/2022\/10\/Luz-Indie-1.jpg?w=1400&amp;ssl=1 1400w\" sizes=\"(max-width: 1024px) 100vw, 1024px\" \/><\/figure>\n\n\n\n<div style=\"height:100px\" aria-hidden=\"true\" class=\"wp-block-spacer\"><\/div>\n\n\n\n<script src=\"https:\/\/apps.elfsight.com\/p\/platform.js\" defer=\"\"><\/script>\n<div class=\"elfsight-app-fa240cd2-7ec6-44fb-94ad-435fed625fda\"><\/div>\n\n\n\n<div style=\"height:100px\" aria-hidden=\"true\" class=\"wp-block-spacer\"><\/div>\n\n\n\n<h2 class=\"wp-block-heading\">Video 360\u00b0<\/h2>\n\n\n\n<figure class=\"wp-block-embed is-type-video is-provider-youtube wp-block-embed-youtube wp-embed-aspect-16-9 wp-has-aspect-ratio\"><div class=\"wp-block-embed__wrapper\">\n<div class=\"video-container\"><iframe title=\"Vista 360\u00b0 Castor Luz\" width=\"1170\" height=\"658\" src=\"https:\/\/www.youtube.com\/embed\/vUqquAYTWio?feature=oembed&#038;enablejsapi=1&#038;origin=https:\/\/castor-watches.com\" frameborder=\"0\" allow=\"accelerometer; autoplay; clipboard-write; encrypted-media; gyroscope; picture-in-picture\" allowfullscreen><\/iframe><\/div>\n<\/div><\/figure>\n<\/div>\n<\/div>\n","protected":false},"excerpt":{"rendered":"<h4>Iconograf\u00eda \u00e9tnica en un reloj 100% madera de s\u00e1ndalo y bamboo.<\/h4>\n<h6><span style=\"color: #999999;\">Madera de Bamboo <\/span><span style=\"color: #999999;\"><span style=\"color: #60b358;\"><i class=\"fa\">\uf00c\u00a0 <\/i><\/span><\/span><span style=\"color: #999999;\">Mecanismo Japon\u00e9s Miyota Citizen <\/span><span style=\"color: #999999;\"><span style=\"color: #60b358;\"><i class=\"fa\">\uf00c\u00a0 <\/i><\/span><\/span><span style=\"color: #999999;\">Correa de Cuero <\/span><span style=\"color: #999999;\"><span style=\"color: #60b358;\"><i class=\"fa\">\uf00c\u00a0<\/i><\/span><\/span><\/h6>\n<p>&nbsp;<\/p>\n[cg_accordion title=\"Descripci\u00f3n\"]<\/p>\n<p><!-- wp:paragraph --><\/p>\n<p><!-- \/wp:paragraph --><\/p>\n<p><!-- wp:paragraph --><\/p>\n<p>El reloj para mujer CASTOR LUZ combina elegancia y alegr\u00eda. Manteniendo el estilo r\u00fastico, utiliza la madera de bamboo junto a\u00a0una correa de cuero natural de m\u00faltiples colores. El\u00a0dial es minimalista con manecillas de tonalidades pastel que lo hacen destacar.[\/cg_accordion]\n[cg_accordion title=\"Especificaciones\"]\n<ul>\n<li><strong>Mecanismo:<\/strong> Cuarzo, Miyota Citizen 2035, Jap\u00f3n<\/li>\n<li><strong>Resistente al agua:<\/strong> No apto para sumergirlo. Resiste salpicaduras y lluvia normal<\/li>\n<li><strong>Cristal:<\/strong> Mineral<\/li>\n<li><strong>Material de la caja:<\/strong> Madera de s\u00e1ndalo<\/li>\n<li><strong>Di\u00e1metro de la caja:<\/strong> 36mm<\/li>\n<li><strong>Altura de la caja:<\/strong> 10mm<\/li>\n<li><strong>Material de las Correas:<\/strong> Cuero natural violeta o verde lim\u00f3n[\/cg_accordion]<\/li>\n<\/ul>\n[cg_accordion title=\"Env\u00edo y Garant\u00eda\"]<\/p>\n<p>Env\u00edo gratuito en la mayor\u00eda de las regiones. Entrega en mismo d\u00eda comprando hasta las 11:00 AM en las comunas del Gran Santiago. 24hrs. en Regiones. Garant\u00eda de un a\u00f1o en el mecanismo. Obt\u00e9n tu reembolso con devoluciones en l\u00ednea! Env\u00eda tus art\u00edculos de vuelta dentro de los primeros 10 d\u00edas.[\/cg_accordion]\n[cg_accordion title=\"Gu\u00eda de Tama\u00f1os\"]<\/p>\n<p><a class=\"elementor-popup-link\" data-id=\"63313\">Haz clic aqu\u00ed para abrir la gu\u00eda de tama\u00f1os<\/a> [\/cg_accordion]\n","protected":false},"featured_media":26286,"comment_status":"closed","ping_status":"closed","template":"","meta":[],"product_brand":[],"product_cat":[214,1430],"product_tag":[828,1310,174,176,829],"class_list":{"0":"post-63077","1":"product","2":"type-product","3":"status-publish","4":"has-post-thumbnail","6":"product_cat-relojes-de-mujer","7":"product_cat-relojes-de-madera","8":"product_tag-luz","9":"product_tag-luz-indie","10":"product_tag-reloj","11":"product_tag-reloj-de-madera","12":"product_tag-relojes-de-mujer","14":"first","15":"outofstock","16":"shipping-taxable","17":"purchasable","18":"product-type-variable"},"jetpack_sharing_enabled":true,"_links":{"self":[{"href":"https:\/\/castor-watches.com\/en\/wp-json\/wp\/v2\/product\/63077","targetHints":{"allow":["GET"]}}],"collection":[{"href":"https:\/\/castor-watches.com\/en\/wp-json\/wp\/v2\/product"}],"about":[{"href":"https:\/\/castor-watches.com\/en\/wp-json\/wp\/v2\/types\/product"}],"replies":[{"embeddable":true,"href":"https:\/\/castor-watches.com\/en\/wp-json\/wp\/v2\/comments?post=63077"}],"wp:featuredmedia":[{"embeddable":true,"href":"https:\/\/castor-watches.com\/en\/wp-json\/wp\/v2\/media\/26286"}],"wp:attachment":[{"href":"https:\/\/castor-watches.com\/en\/wp-json\/wp\/v2\/media?parent=63077"}],"wp:term":[{"taxonomy":"product_brand","embeddable":true,"href":"https:\/\/castor-watches.com\/en\/wp-json\/wp\/v2\/product_brand?post=63077"},{"taxonomy":"product_cat","embeddable":true,"href":"https:\/\/castor-watches.com\/en\/wp-json\/wp\/v2\/product_cat?post=63077"},{"taxonomy":"product_tag","embeddable":true,"href":"https:\/\/castor-watches.com\/en\/wp-json\/wp\/v2\/product_tag?post=63077"}],"curies":[{"name":"wp","href":"https:\/\/api.w.org\/{rel}","templated":true}]}}