{"id":71162,"date":"2026-03-12T05:11:15","date_gmt":"2026-03-12T08:11:15","guid":{"rendered":"https:\/\/castor-watches.com\/?post_type=product&#038;p=71162"},"modified":"2026-03-28T16:35:32","modified_gmt":"2026-03-28T19:35:32","slug":"rivendell-cobre-38mm-pre-venta","status":"publish","type":"product","link":"https:\/\/castor-watches.com\/en\/producto\/rivendell-cobre-38mm-pre-venta\/","title":{"rendered":"RIVENDELL | COBRE 38MM &#8211; PRE VENTA"},"content":{"rendered":"\n<div class=\"wp-block-columns are-vertically-aligned-center is-layout-flex wp-container-core-columns-is-layout-28f84493 wp-block-columns-is-layout-flex\">\n<div class=\"wp-block-column is-vertically-aligned-center is-layout-flow wp-block-column-is-layout-flow\">\n<p class=\"title has-text-color\" style=\"color:#deb887\">U<strong>N RELOJ \u00daNICO<\/strong><\/p>\n\n\n\n<h2 class=\"wp-block-heading\">TRADICI\u00d3N CHILENA, ELEGANCIA MODERNA<\/h2>\n\n\n\n<p>La L\u00ednea Artesanal es mucho m\u00e1s que un reloj: es el encuentro entre la herencia chilena y el dise\u00f1o contempor\u00e1neo. Inspirado en la riqueza cultural y natural de Chile, cada pieza es trabajada a mano en cobre nacional, utilizando t\u00e9cnicas artesanales que garantizan un car\u00e1cter irrepetible. El resultado es una obra que une elegancia y modernidad con la autenticidad de nuestros or\u00edgenes. Lleva en tu mu\u00f1eca una pieza de arte, historia y distinci\u00f3n.<\/p>\n\n\n\n<div style=\"height:100px\" aria-hidden=\"true\" class=\"wp-block-spacer\"><\/div>\n\n\n\n<figure class=\"wp-block-image size-full\"><a href=\"https:\/\/i0.wp.com\/castor-watches.com\/wp-content\/uploads\/2026\/01\/castor-cobre-diseno-chileno-1.jpg?ssl=1\"><img data-recalc-dims=\"1\" fetchpriority=\"high\" decoding=\"async\" width=\"768\" height=\"960\" src=\"https:\/\/i0.wp.com\/castor-watches.com\/wp-content\/uploads\/2026\/01\/castor-cobre-diseno-chileno-1.jpg?resize=768%2C960&#038;ssl=1\" alt=\"Reloj Castor Cobre artesanal, hecho a mano en Chile, que une elegancia moderna y tradici\u00f3n nacional.\" class=\"wp-image-70466\" srcset=\"https:\/\/i0.wp.com\/castor-watches.com\/wp-content\/uploads\/2026\/01\/castor-cobre-diseno-chileno-1.jpg?w=768&amp;ssl=1 768w, https:\/\/i0.wp.com\/castor-watches.com\/wp-content\/uploads\/2026\/01\/castor-cobre-diseno-chileno-1.jpg?resize=240%2C300&amp;ssl=1 240w, https:\/\/i0.wp.com\/castor-watches.com\/wp-content\/uploads\/2026\/01\/castor-cobre-diseno-chileno-1.jpg?resize=441%2C551&amp;ssl=1 441w, https:\/\/i0.wp.com\/castor-watches.com\/wp-content\/uploads\/2026\/01\/castor-cobre-diseno-chileno-1.jpg?resize=300%2C375&amp;ssl=1 300w, https:\/\/i0.wp.com\/castor-watches.com\/wp-content\/uploads\/2026\/01\/castor-cobre-diseno-chileno-1.jpg?resize=150%2C188&amp;ssl=1 150w\" sizes=\"(max-width: 768px) 100vw, 768px\" \/><\/a><\/figure>\n\n\n\n<div style=\"height:180px\" aria-hidden=\"true\" class=\"wp-block-spacer\"><\/div>\n\n\n\n<p class=\"title has-text-color\" style=\"color:#deb887\"><strong>COBRE CHILENO TRABAJADO A MANO<\/strong><\/p>\n\n\n\n<h2 class=\"wp-block-heading\">CADA DIAL, UNA OBRA \u00daNICA<\/h2>\n\n\n\n<p>En la L\u00ednea Artesanal, cada dial es creado artesanalmente en mi taller, usando cobre 100% chileno y t\u00e9cnicas exclusivas de oxidaci\u00f3n y sellado. El resultado es una textura, color y car\u00e1cter irrepetibles: ning\u00fan reloj es igual a otro. Identidad, el arte y la autenticidad nacional. As\u00ed nace un reloj: desde la materia prima, hasta que lo llevas en el brazo.<\/p>\n\n\n\n<div style=\"height:100px\" aria-hidden=\"true\" class=\"wp-block-spacer\"><\/div>\n\n\n\n<figure class=\"wp-block-image size-full\"><a href=\"https:\/\/i0.wp.com\/castor-watches.com\/wp-content\/uploads\/2026\/01\/castor-cobre-diales-artesanales-chileno-en-mano.jpg?ssl=1\"><img data-recalc-dims=\"1\" decoding=\"async\" width=\"1170\" height=\"1463\" src=\"https:\/\/i0.wp.com\/castor-watches.com\/wp-content\/uploads\/2026\/01\/castor-cobre-diales-artesanales-chileno-en-mano.jpg?resize=1170%2C1463&#038;ssl=1\" alt=\"Diales de reloj Castor Cobre trabajados a mano en cobre chileno, sostenidos en la palma del fundador.\" class=\"wp-image-70451\" srcset=\"https:\/\/i0.wp.com\/castor-watches.com\/wp-content\/uploads\/2026\/01\/castor-cobre-diales-artesanales-chileno-en-mano.jpg?w=1400&amp;ssl=1 1400w, https:\/\/i0.wp.com\/castor-watches.com\/wp-content\/uploads\/2026\/01\/castor-cobre-diales-artesanales-chileno-en-mano.jpg?resize=240%2C300&amp;ssl=1 240w, https:\/\/i0.wp.com\/castor-watches.com\/wp-content\/uploads\/2026\/01\/castor-cobre-diales-artesanales-chileno-en-mano.jpg?resize=819%2C1024&amp;ssl=1 819w, https:\/\/i0.wp.com\/castor-watches.com\/wp-content\/uploads\/2026\/01\/castor-cobre-diales-artesanales-chileno-en-mano.jpg?resize=768%2C960&amp;ssl=1 768w, https:\/\/i0.wp.com\/castor-watches.com\/wp-content\/uploads\/2026\/01\/castor-cobre-diales-artesanales-chileno-en-mano.jpg?resize=1229%2C1536&amp;ssl=1 1229w, https:\/\/i0.wp.com\/castor-watches.com\/wp-content\/uploads\/2026\/01\/castor-cobre-diales-artesanales-chileno-en-mano.jpg?resize=990%2C1238&amp;ssl=1 990w, https:\/\/i0.wp.com\/castor-watches.com\/wp-content\/uploads\/2026\/01\/castor-cobre-diales-artesanales-chileno-en-mano.jpg?resize=441%2C551&amp;ssl=1 441w, https:\/\/i0.wp.com\/castor-watches.com\/wp-content\/uploads\/2026\/01\/castor-cobre-diales-artesanales-chileno-en-mano.jpg?resize=300%2C375&amp;ssl=1 300w, https:\/\/i0.wp.com\/castor-watches.com\/wp-content\/uploads\/2026\/01\/castor-cobre-diales-artesanales-chileno-en-mano.jpg?resize=800%2C1000&amp;ssl=1 800w, https:\/\/i0.wp.com\/castor-watches.com\/wp-content\/uploads\/2026\/01\/castor-cobre-diales-artesanales-chileno-en-mano.jpg?resize=150%2C188&amp;ssl=1 150w\" sizes=\"(max-width: 1170px) 100vw, 1170px\" \/><\/a><\/figure>\n\n\n\n<div style=\"height:100px\" aria-hidden=\"true\" class=\"wp-block-spacer\"><\/div>\n\n\n\n<p class=\"title has-text-color\" style=\"color:#deb887\"><strong>TRABAJO ARTESANAL<\/strong><\/p>\n\n\n\n<h2 class=\"wp-block-heading\">PROCESANDO LOS DIALES MANUALMENTE<\/h2>\n\n\n\n<p>Conoce c\u00f3mo nace cada dial de Castor Cobre: un proceso 100% manual donde el cobre chileno se transforma, capa a capa, en una pieza irrepetible. Trabajo la p\u00e1tina a mano para lograr profundidad, textura y matices \u00fanicos, y luego la protejo con un sellado especial para que puedas usarlo todos los d\u00edas.<br>No es producci\u00f3n en serie: es artesan\u00eda real. Por eso no existen dos diales iguales.<\/p>\n\n\n\n<div style=\"height:100px\" aria-hidden=\"true\" class=\"wp-block-spacer\"><\/div>\n\n\n\n<figure class=\"wp-block-embed is-type-video is-provider-youtube wp-block-embed-youtube wp-embed-aspect-16-9 wp-has-aspect-ratio\"><div class=\"wp-block-embed__wrapper\">\n<div class=\"video-container\"><iframe title=\"Fabricaci\u00f3n Manual del Reloj de Cobre \u201cC\u00f3ndor\u201d \u2013 Proceso Artesanal\" width=\"1170\" height=\"658\" src=\"https:\/\/www.youtube.com\/embed\/TYeBUrLpPNQ?feature=oembed\" frameborder=\"0\" allow=\"accelerometer; autoplay; clipboard-write; encrypted-media; gyroscope; picture-in-picture; web-share\" referrerpolicy=\"strict-origin-when-cross-origin\" allowfullscreen><\/iframe><\/div>\n<\/div><\/figure>\n\n\n\n<div style=\"height:100px\" aria-hidden=\"true\" class=\"wp-block-spacer\"><\/div>\n\n\n\n<p><\/p>\n\n\n\n<p class=\"title has-text-color\" style=\"color:#deb887\"><strong>CAMBIA SEG\u00daN TU OCASI\u00d3N<\/strong><\/p>\n\n\n\n<h2 class=\"wp-block-heading\">ELIGE TU ESTILO: CORREAS INTERCAMBIABLES<\/h2>\n\n\n\n<p>Personaliza tu reloj de cobre con dos opciones de correa, pensadas para acompa\u00f1arte en cualquier momento.<br>La correa de cuero piel de cordero ofrece un tacto suave, elegancia cl\u00e1sica y envejece con car\u00e1cter propio.<br>La correa de nylon brinda resistencia, ligereza y un look moderno y vers\u00e1til, ideal para el d\u00eda a d\u00eda.<br>Ambas se cambian f\u00e1cilmente, permiti\u00e9ndote adaptar tu reloj a tu estilo y necesidades. Calidad, comodidad y dise\u00f1o, siempre a tu medida.<\/p>\n\n\n\n<div style=\"height:100px\" aria-hidden=\"true\" class=\"wp-block-spacer\"><\/div>\n\n\n\n<figure class=\"wp-block-image size-full\"><a href=\"https:\/\/i0.wp.com\/castor-watches.com\/wp-content\/uploads\/2026\/01\/correas-intercambiables.jpg?ssl=1\"><img data-recalc-dims=\"1\" decoding=\"async\" width=\"1120\" height=\"1400\" src=\"https:\/\/i0.wp.com\/castor-watches.com\/wp-content\/uploads\/2026\/01\/correas-intercambiables.jpg?resize=1120%2C1400&#038;ssl=1\" alt=\"\" class=\"wp-image-70474\" srcset=\"https:\/\/i0.wp.com\/castor-watches.com\/wp-content\/uploads\/2026\/01\/correas-intercambiables.jpg?w=1120&amp;ssl=1 1120w, https:\/\/i0.wp.com\/castor-watches.com\/wp-content\/uploads\/2026\/01\/correas-intercambiables.jpg?resize=240%2C300&amp;ssl=1 240w, https:\/\/i0.wp.com\/castor-watches.com\/wp-content\/uploads\/2026\/01\/correas-intercambiables.jpg?resize=819%2C1024&amp;ssl=1 819w, https:\/\/i0.wp.com\/castor-watches.com\/wp-content\/uploads\/2026\/01\/correas-intercambiables.jpg?resize=768%2C960&amp;ssl=1 768w, https:\/\/i0.wp.com\/castor-watches.com\/wp-content\/uploads\/2026\/01\/correas-intercambiables.jpg?resize=990%2C1238&amp;ssl=1 990w, https:\/\/i0.wp.com\/castor-watches.com\/wp-content\/uploads\/2026\/01\/correas-intercambiables.jpg?resize=441%2C551&amp;ssl=1 441w, https:\/\/i0.wp.com\/castor-watches.com\/wp-content\/uploads\/2026\/01\/correas-intercambiables.jpg?resize=300%2C375&amp;ssl=1 300w, https:\/\/i0.wp.com\/castor-watches.com\/wp-content\/uploads\/2026\/01\/correas-intercambiables.jpg?resize=800%2C1000&amp;ssl=1 800w, https:\/\/i0.wp.com\/castor-watches.com\/wp-content\/uploads\/2026\/01\/correas-intercambiables.jpg?resize=150%2C188&amp;ssl=1 150w\" sizes=\"(max-width: 1120px) 100vw, 1120px\" \/><\/a><\/figure>\n\n\n\n<div style=\"height:100px\" aria-hidden=\"true\" class=\"wp-block-spacer\"><\/div>\n\n\n\n<p><\/p>\n\n\n\n<p class=\"title has-text-color\" style=\"color:#deb887\"><strong><strong>ENTREGA R\u00c1PIDA<\/strong><\/strong><\/p>\n\n\n\n<h2 class=\"wp-block-heading\">ENV\u00cdOS<\/h2>\n\n\n\n<p>El env\u00edo es GRATIS en casi todo Chile y llega en el mismo d\u00eda en RM y en 24hrs en regiones.<\/p>\n\n\n\n<p>En el extranjero el env\u00edo lo gestionar\u00e1 FedEx y sus plazos de entrega son muy eficientes: de 3 a 6 d\u00edas a cualquier parte del mundo. Las tarifas variar\u00e1n seg\u00fan tu destino y se a\u00f1adir\u00e1n autom\u00e1ticamente a tu aportaci\u00f3n una vez que confirmes tu ubicaci\u00f3n. Como referencia, en EE. UU. y la UE: 25 USD.<\/p>\n\n\n\n<h2 class=\"wp-block-heading\">GARANT\u00cdA<\/h2>\n\n\n\n<p>Un (2) a\u00f1os de garant\u00eda a partir de la fecha de recepci\u00f3n de su reloj. La garant\u00eda solo cubre defectos de fabricaci\u00f3n.<\/p>\n\n\n\n<div style=\"height:100px\" aria-hidden=\"true\" class=\"wp-block-spacer\"><\/div>\n\n\n\n<figure class=\"wp-block-image size-full\"><img data-recalc-dims=\"1\" loading=\"lazy\" decoding=\"async\" width=\"1170\" height=\"780\" src=\"https:\/\/i0.wp.com\/castor-watches.com\/wp-content\/uploads\/2025\/06\/about2.jpg?resize=1170%2C780&#038;ssl=1\" alt=\"\" class=\"wp-image-67287\" srcset=\"https:\/\/i0.wp.com\/castor-watches.com\/wp-content\/uploads\/2025\/06\/about2.jpg?w=1500&amp;ssl=1 1500w, https:\/\/i0.wp.com\/castor-watches.com\/wp-content\/uploads\/2025\/06\/about2.jpg?resize=300%2C200&amp;ssl=1 300w, https:\/\/i0.wp.com\/castor-watches.com\/wp-content\/uploads\/2025\/06\/about2.jpg?resize=1024%2C683&amp;ssl=1 1024w, https:\/\/i0.wp.com\/castor-watches.com\/wp-content\/uploads\/2025\/06\/about2.jpg?resize=768%2C512&amp;ssl=1 768w, https:\/\/i0.wp.com\/castor-watches.com\/wp-content\/uploads\/2025\/06\/about2.jpg?resize=990%2C660&amp;ssl=1 990w, https:\/\/i0.wp.com\/castor-watches.com\/wp-content\/uploads\/2025\/06\/about2.jpg?resize=441%2C294&amp;ssl=1 441w, https:\/\/i0.wp.com\/castor-watches.com\/wp-content\/uploads\/2025\/06\/about2.jpg?resize=800%2C533&amp;ssl=1 800w, https:\/\/i0.wp.com\/castor-watches.com\/wp-content\/uploads\/2025\/06\/about2.jpg?resize=150%2C100&amp;ssl=1 150w\" sizes=\"(max-width: 1170px) 100vw, 1170px\" \/><\/figure>\n\n\n\n<p>Castor Watches y Grebe  Watches nacieron de mi deseo de independencia, crecimiento profesional y realizaci\u00f3n personal. Este viaje comenz\u00f3 en 2015 en Valpara\u00edso, Chile, cuando aprovech\u00e9 la oportunidad de emprender. Impulsado por mi pasi\u00f3n por los relojes, me inspir\u00f3 a crear una l\u00ednea \u00fanica que no solo destacaba por su uso innovador de materiales como la madera y el cobre, sino que tambi\u00e9n encarnaba una profunda identidad cultural. La colecci\u00f3n inaugural, la l\u00ednea \u00c9tnica, se inspir\u00f3 en las culturas Diaguita, Mapuche y Selknam, reflejando el rico legado gr\u00e1fico, las pr\u00e1cticas ceremoniales y las vestimentas tradicionales de estos pueblos ind\u00edgenas.<\/p>\n\n\n\n<p>Con los a\u00f1os, Castor Watches ha ampliado su cat\u00e1logo y ahora cuenta con m\u00e1s de 20 dise\u00f1os originales que celebran y representan nuestro rico patrimonio cultural.<\/p>\n\n\n\n<div style=\"height:100px\" aria-hidden=\"true\" class=\"wp-block-spacer\"><\/div>\n\n\n\n<figure class=\"wp-block-image size-full\"><img data-recalc-dims=\"1\" loading=\"lazy\" decoding=\"async\" width=\"1080\" height=\"1350\" src=\"https:\/\/i0.wp.com\/castor-watches.com\/wp-content\/uploads\/2025\/06\/dibujando.jpg?resize=1080%2C1350&#038;ssl=1\" alt=\"\" class=\"wp-image-68081\" srcset=\"https:\/\/i0.wp.com\/castor-watches.com\/wp-content\/uploads\/2025\/06\/dibujando.jpg?w=1080&amp;ssl=1 1080w, https:\/\/i0.wp.com\/castor-watches.com\/wp-content\/uploads\/2025\/06\/dibujando.jpg?resize=240%2C300&amp;ssl=1 240w, https:\/\/i0.wp.com\/castor-watches.com\/wp-content\/uploads\/2025\/06\/dibujando.jpg?resize=819%2C1024&amp;ssl=1 819w, https:\/\/i0.wp.com\/castor-watches.com\/wp-content\/uploads\/2025\/06\/dibujando.jpg?resize=768%2C960&amp;ssl=1 768w, https:\/\/i0.wp.com\/castor-watches.com\/wp-content\/uploads\/2025\/06\/dibujando.jpg?resize=990%2C1238&amp;ssl=1 990w, https:\/\/i0.wp.com\/castor-watches.com\/wp-content\/uploads\/2025\/06\/dibujando.jpg?resize=441%2C551&amp;ssl=1 441w, https:\/\/i0.wp.com\/castor-watches.com\/wp-content\/uploads\/2025\/06\/dibujando.jpg?resize=300%2C375&amp;ssl=1 300w, https:\/\/i0.wp.com\/castor-watches.com\/wp-content\/uploads\/2025\/06\/dibujando.jpg?resize=800%2C1000&amp;ssl=1 800w, https:\/\/i0.wp.com\/castor-watches.com\/wp-content\/uploads\/2025\/06\/dibujando.jpg?resize=150%2C188&amp;ssl=1 150w\" sizes=\"(max-width: 1080px) 100vw, 1080px\" \/><\/figure>\n\n\n\n<div style=\"height:100px\" aria-hidden=\"true\" class=\"wp-block-spacer\"><\/div>\n\n\n\n<h2 class=\"wp-block-heading\"><\/h2>\n<\/div>\n<\/div>\n\n\n\n<p><\/p>\n","protected":false},"excerpt":{"rendered":"<h4>Legado chileno en cobre: dise\u00f1o \u00fanico, moderno y con historia<\/h4>\n<h6><span style=\"color: #999999;\"><span style=\"color: #60b358;\"><i class=\"fa\">\uf00c\u00a0 <\/i><\/span><\/span><span style=\"color: #999999;\">Cobre chileno artesanal <\/span><span style=\"color: #999999;\"><span style=\"color: #60b358;\"><i class=\"fa\">\uf00c\u00a0 <\/i><\/span><\/span><span style=\"color: #999999;\">Acero Inoxidable <\/span><span style=\"color: #999999;\"><span style=\"color: #60b358;\"><i class=\"fa\">\uf00c\u00a0 <\/i><\/span><\/span><span style=\"color: #999999;\">Edici\u00f3n Limitada (24 unidades) <\/span><i class=\"fa\"><\/i><span style=\"color: #999999;\"><span style=\"color: #60b358;\"><i class=\"fa\">\uf00c\u00a0 <\/i><\/span><\/span><span style=\"color: #999999;\">Resistente al Agua 50Mts <\/span><span style=\"color: #999999;\"><span style=\"color: #60b358;\"><i class=\"fa\">\uf00c\u00a0 <\/i><\/span><\/span><span style=\"color: #999999;\">Mecanismo Japon\u00e9s Miyota Citizen <\/span><span style=\"color: #999999;\"><span style=\"color: #60b358;\"><i class=\"fa\">\uf00c\u00a0 <\/i><\/span><\/span><span style=\"color: #999999;\">Correa de Cuero<\/span><\/h6>\n<p><strong>PRE-VENTA | ENTREGA EL SEGUNDO TRIMESTRE 2026<\/strong><\/p>\n<p data-pm-slice=\"1 1 []\">[cg_accordion title=\"Descripci\u00f3n\"]<\/p>\n<p>El Reloj Rivendell es un tributo directo al universo de Tierra Media: la elegancia et\u00e9rea de los elfos y la fuerza ancestral de los enanos, reunidas en una pieza que se siente m\u00e1s \u201cforjada\u201d que fabricada. Un dise\u00f1o de l\u00edneas limpias y presencia luminosa, pensado para fans que buscan un gui\u00f1o aut\u00e9ntico y sofisticado, no algo evidente. En el dial conviven dos lenguajes legendarios: Inscripci\u00f3n en escritura \u00e9lfica (Tengwar Annatar): \u201cUn Reloj para gobernarlos a todos, Un Reloj para encontrarlos, Un Reloj para atraerlos a todos y atarlos en la luz\u201d. Un mensaje que funciona como un juramento grabado, discreto y cargado de historia. N\u00fameros en runas enanas (Cirth): marcando el tiempo con el car\u00e1cter firme y mineral de los pueblos de la monta\u00f1a. El contraste entre la fluidez \u00e9lfica y la geometr\u00eda enana le da al reloj una identidad \u00fanica: luz y piedra, delicadeza y poder. Esta es una edici\u00f3n limitada de solo 24 unidades, disponible en dos versiones: P\u00e1tina: con profundidad y matices irrepetibles, como metal que ha vivido una era. Crudo: cobre puro, limpio y brillante, como una pieza reci\u00e9n salida de la forja. Un reloj para quienes entienden que la verdadera magia est\u00e1 en los detalles\u2026 y en lo que solo algunos sabr\u00e1n leer. El cobre, extra\u00eddo de nuestra tierra, refleja la fuerza y el esp\u00edritu de esfuerzo del pa\u00eds. Lleva en tu mu\u00f1eca la grandeza de nuestra tierra y la historia de un pueblo. Esta edici\u00f3n limitada a 24 unidades fusiona el cobre nacional \u2014oxidado y sellado a mano con t\u00e9cnicas propias\u2014 en el dial, con una caja de acero inoxidable, logrando una pieza robusta, elegante y absolutamente \u00fanica. El movimiento japon\u00e9s Miyota 2035 garantiza precisi\u00f3n y confiabilidad, mientras que la correa de cuero aporta comodidad y distinci\u00f3n. Viene adem\u00e1s con una correa adicional de nylon de alta durabilidad. Resistente al agua (50 metros), perfecto para uso diario o como regalo inolvidable.\u00a0<\/p>\n<p>Listo para elevarte por sobre lo com\u00fan? [\/cg_accordion] [cg_accordion title=\"Especificaciones\"]<\/p>\n<ul>\n<li>Dial: Dial hecho a mano con cobre chileno, vetas \u00fanicas en cada pieza<\/li>\n<li>Mecanismo: Cuarzo, Miyota 2035, Jap\u00f3n<\/li>\n<li>Resistencia al agua: 50 metros (5ATM)<\/li>\n<li>Cristal: Mineral doble curvatura<\/li>\n<li>Material de la caja: Acero inoxidable<\/li>\n<li>Di\u00e1metro de la caja: 38mm<\/li>\n<li>Altura de la caja: 10mm<\/li>\n<li>Agujas: Tecnolog\u00eda Swiss Luminous S-1 (brillan en la oscuridad)<\/li>\n<li>Correa: Cuero y nylon, ancho 20mm, largo total 24cm, forro antialerg\u00e9nico<\/li>\n<\/ul>\n<p>[\/cg_accordion] [cg_accordion title=\"Env\u00edo y Garant\u00eda\"] <strong>Chile:<\/strong> Env\u00edo gratuito a todo el pa\u00eds. Pre-venta con despacho segundo trimestre 2026. <strong>Internacional:<\/strong> FedEx 3\u20137 d\u00edas h\u00e1biles. <strong>Garant\u00eda:<\/strong> 2 a\u00f1os en el mecanismo. Cambios y devoluciones online dentro de los primeros 10 d\u00edas. [\/cg_accordion] [cg_accordion title=\"Gu\u00eda de Tama\u00f1os\"] <a class=\"elementor-popup-link\" data-id=\"63313\">Haz clic aqu\u00ed para abrir la gu\u00eda de tama\u00f1os<\/a> [\/cg_accordion]<\/p>\n","protected":false},"featured_media":71175,"comment_status":"open","ping_status":"closed","template":"","meta":[],"product_brand":[1532],"product_cat":[213,1504,1454],"product_tag":[174,1455,256,1412],"class_list":{"0":"post-71162","1":"product","2":"type-product","3":"status-publish","4":"has-post-thumbnail","6":"product_brand-castor-watches","7":"product_cat-relojes-de-hombre","8":"product_cat-relojes","9":"product_cat-relojes-de-cobre","10":"product_tag-reloj","11":"product_tag-relojes-de-cobre","12":"product_tag-relojes-de-hombre","13":"product_tag-relojes-premium","15":"first","16":"outofstock","17":"shipping-taxable","18":"purchasable","19":"product-type-variable"},"jetpack_sharing_enabled":true,"_links":{"self":[{"href":"https:\/\/castor-watches.com\/en\/wp-json\/wp\/v2\/product\/71162","targetHints":{"allow":["GET"]}}],"collection":[{"href":"https:\/\/castor-watches.com\/en\/wp-json\/wp\/v2\/product"}],"about":[{"href":"https:\/\/castor-watches.com\/en\/wp-json\/wp\/v2\/types\/product"}],"replies":[{"embeddable":true,"href":"https:\/\/castor-watches.com\/en\/wp-json\/wp\/v2\/comments?post=71162"}],"wp:featuredmedia":[{"embeddable":true,"href":"https:\/\/castor-watches.com\/en\/wp-json\/wp\/v2\/media\/71175"}],"wp:attachment":[{"href":"https:\/\/castor-watches.com\/en\/wp-json\/wp\/v2\/media?parent=71162"}],"wp:term":[{"taxonomy":"product_brand","embeddable":true,"href":"https:\/\/castor-watches.com\/en\/wp-json\/wp\/v2\/product_brand?post=71162"},{"taxonomy":"product_cat","embeddable":true,"href":"https:\/\/castor-watches.com\/en\/wp-json\/wp\/v2\/product_cat?post=71162"},{"taxonomy":"product_tag","embeddable":true,"href":"https:\/\/castor-watches.com\/en\/wp-json\/wp\/v2\/product_tag?post=71162"}],"curies":[{"name":"wp","href":"https:\/\/api.w.org\/{rel}","templated":true}]}}